{"id":9564,"date":"2024-08-05T13:07:04","date_gmt":"2024-08-05T13:07:04","guid":{"rendered":"https:\/\/academiajd.com\/?post_type=product&#038;p=9564"},"modified":"2024-08-05T13:15:47","modified_gmt":"2024-08-05T13:15:47","slug":"curso-presencial-especializacion-en-sistemas-de-calefaccion-instalacion-mantenimiento-y-reparacion-1-dia","status":"publish","type":"product","link":"https:\/\/academiajd.com\/pt\/produto\/curso-presencial-especializacion-en-sistemas-de-calefaccion-instalacion-mantenimiento-y-reparacion-1-dia\/","title":{"rendered":"Curso Presencial: Especializaci\u00f3n en Sistemas de Calefacci\u00f3n: Instalaci\u00f3n, Mantenimiento y Reparaci\u00f3n &#8211; 1 D\u00eda"},"content":{"rendered":"<p><span style=\"color: #ff0000;\"><strong>Llama directamente o env\u00eda un WhatsApp para conocer las promociones y descuentos disponibles.<\/strong><\/span><\/p>\n<p>El curso de Calefacci\u00f3n: Puesta en Marcha, Mantenimiento y Reparaci\u00f3n est\u00e1 dise\u00f1ado para proporcionar una formaci\u00f3n integral en la instalaci\u00f3n, mantenimiento y reparaci\u00f3n de sistemas de calefacci\u00f3n. Desde la puesta en marcha de equipos hasta la resoluci\u00f3n de problemas complejos, este curso te permitir\u00e1 adquirir las habilidades necesarias para garantizar el funcionamiento eficiente y seguro de los sistemas de calefacci\u00f3n en diversas instalaciones.<\/p>","protected":false},"excerpt":{"rendered":"<p><span style=\"color: #ff0000;\"><strong>Llama directamente o env\u00eda un WhatsApp para conocer las promociones y descuentos disponibles.<\/strong><\/span><\/p>\n<p>Este curso de dos d\u00edas en nuestra academia se centra en el manejo y aplicaci\u00f3n de placas lum\u00ednicas decorativas. Con una metodolog\u00eda 100% pr\u00e1ctica, trabajar\u00e1s directamente con nuestros t\u00e9cnicos, aprendiendo a cortar y manipular las placas decorativas, as\u00ed como a realizar ejercicios pr\u00e1cticos que te preparar\u00e1n para tus propios proyectos.<\/p>\n<p>Durante el curso, recibir\u00e1s formaci\u00f3n exhaustiva sobre todos los materiales disponibles, con especial enfoque en las t\u00e9cnicas de corte, ingleteado y terminaciones para obtener acabados profesionales. Adem\u00e1s, se cubrir\u00e1 la integraci\u00f3n de iluminaci\u00f3n y dom\u00f3tica en tus proyectos, garantizando que puedas ofrecer soluciones modernas y eficientes a tus clientes.<\/p>\n<p>Te ense\u00f1aremos c\u00f3mo realizar tu proyecto de principio a fin, incluyendo la iluminaci\u00f3n y la aplicaci\u00f3n de dom\u00f3tica. Saldr\u00e1s de la academia completamente preparado para abordar proyectos personalizados y de alta calidad.<\/p>","protected":false},"featured_media":9556,"comment_status":"open","ping_status":"closed","template":"","meta":{"inline_featured_image":false,"wds_primary_product_brand":0,"wds_primary_product_cat":0},"product_brand":[],"product_cat":[16],"product_tag":[],"class_list":{"0":"post-9564","1":"product","2":"type-product","3":"status-publish","4":"has-post-thumbnail","6":"product_cat-uncategorized","8":"first","9":"instock","10":"virtual","11":"taxable","12":"purchasable","13":"product-type-simple"},"_links":{"self":[{"href":"https:\/\/academiajd.com\/pt\/wp-json\/wp\/v2\/product\/9564","targetHints":{"allow":["GET"]}}],"collection":[{"href":"https:\/\/academiajd.com\/pt\/wp-json\/wp\/v2\/product"}],"about":[{"href":"https:\/\/academiajd.com\/pt\/wp-json\/wp\/v2\/types\/product"}],"replies":[{"embeddable":true,"href":"https:\/\/academiajd.com\/pt\/wp-json\/wp\/v2\/comments?post=9564"}],"wp:featuredmedia":[{"embeddable":true,"href":"https:\/\/academiajd.com\/pt\/wp-json\/wp\/v2\/media\/9556"}],"wp:attachment":[{"href":"https:\/\/academiajd.com\/pt\/wp-json\/wp\/v2\/media?parent=9564"}],"wp:term":[{"taxonomy":"product_brand","embeddable":true,"href":"https:\/\/academiajd.com\/pt\/wp-json\/wp\/v2\/product_brand?post=9564"},{"taxonomy":"product_cat","embeddable":true,"href":"https:\/\/academiajd.com\/pt\/wp-json\/wp\/v2\/product_cat?post=9564"},{"taxonomy":"product_tag","embeddable":true,"href":"https:\/\/academiajd.com\/pt\/wp-json\/wp\/v2\/product_tag?post=9564"}],"curies":[{"name":"wp","href":"https:\/\/api.w.org\/{rel}","templated":true}]}}