{"id":8549,"date":"2024-07-01T13:51:44","date_gmt":"2024-07-01T13:51:44","guid":{"rendered":"https:\/\/academiajd.com\/?post_type=product&#038;p=8549"},"modified":"2024-07-21T17:11:23","modified_gmt":"2024-07-21T17:11:23","slug":"curso-online-creacion-de-armarios-bajos-y-de-pared-i","status":"publish","type":"product","link":"https:\/\/academiajd.com\/pt\/produto\/curso-online-creacion-de-armarios-bajos-y-de-pared-i\/","title":{"rendered":"Curso Presencial: Creaci\u00f3n de Armarios Bajos y de Pared I"},"content":{"rendered":"<p>En el Curso de Creaci\u00f3n de Armarios Bajos y de Pared, aprender\u00e1s a dise\u00f1ar y construir armarios personalizados que se adapten perfectamente a cualquier espacio. Este curso est\u00e1 dise\u00f1ado tanto para principiantes como para aquellos con experiencia en carpinter\u00eda que deseen mejorar sus habilidades y conocimientos espec\u00edficos en la creaci\u00f3n de armarios. Desde el corte de madera y la uni\u00f3n de las partes hasta la creaci\u00f3n de un bastidor resistente y el montaje de puertas con bisagras, cada aspecto del proceso de construcci\u00f3n ser\u00e1 cubierto en detalle. Bajo la gu\u00eda de instructores expertos, desarrollar\u00e1s la capacidad de crear soluciones de almacenamiento funcionales y est\u00e9ticamente agradables, integrando conceptos de dise\u00f1o y practicidad.<\/p>","protected":false},"excerpt":{"rendered":"<p>En el Curso de Creaci\u00f3n de Armarios Bajos y de Pared, aprender\u00e1s a dise\u00f1ar y construir armarios personalizados que se adapten perfectamente a cualquier espacio. Este curso est\u00e1 dise\u00f1ado tanto [&hellip;]<\/p>","protected":false},"featured_media":8548,"comment_status":"closed","ping_status":"closed","template":"","meta":{"inline_featured_image":false,"wds_primary_product_brand":0,"wds_primary_product_cat":0},"product_brand":[],"product_cat":[16],"product_tag":[],"class_list":{"0":"post-8549","1":"product","2":"type-product","3":"status-publish","4":"has-post-thumbnail","6":"product_cat-uncategorized","8":"first","9":"instock","10":"virtual","11":"taxable","12":"purchasable","13":"product-type-simple"},"_links":{"self":[{"href":"https:\/\/academiajd.com\/pt\/wp-json\/wp\/v2\/product\/8549","targetHints":{"allow":["GET"]}}],"collection":[{"href":"https:\/\/academiajd.com\/pt\/wp-json\/wp\/v2\/product"}],"about":[{"href":"https:\/\/academiajd.com\/pt\/wp-json\/wp\/v2\/types\/product"}],"replies":[{"embeddable":true,"href":"https:\/\/academiajd.com\/pt\/wp-json\/wp\/v2\/comments?post=8549"}],"wp:featuredmedia":[{"embeddable":true,"href":"https:\/\/academiajd.com\/pt\/wp-json\/wp\/v2\/media\/8548"}],"wp:attachment":[{"href":"https:\/\/academiajd.com\/pt\/wp-json\/wp\/v2\/media?parent=8549"}],"wp:term":[{"taxonomy":"product_brand","embeddable":true,"href":"https:\/\/academiajd.com\/pt\/wp-json\/wp\/v2\/product_brand?post=8549"},{"taxonomy":"product_cat","embeddable":true,"href":"https:\/\/academiajd.com\/pt\/wp-json\/wp\/v2\/product_cat?post=8549"},{"taxonomy":"product_tag","embeddable":true,"href":"https:\/\/academiajd.com\/pt\/wp-json\/wp\/v2\/product_tag?post=8549"}],"curies":[{"name":"wp","href":"https:\/\/api.w.org\/{rel}","templated":true}]}}