{"id":8351,"date":"2024-06-27T05:00:51","date_gmt":"2024-06-27T05:00:51","guid":{"rendered":"https:\/\/academiajd.com\/?post_type=product&#038;p=8351"},"modified":"2024-10-25T09:43:13","modified_gmt":"2024-10-25T09:43:13","slug":"curso-online-instalacion-de-placas-decorativas-1-dia","status":"publish","type":"product","link":"https:\/\/academiajd.com\/pt\/produto\/curso-online-instalacion-de-placas-decorativas-1-dia\/","title":{"rendered":"Curso Online: Instalaci\u00f3n de Placas Decorativas \u2013 1 D\u00eda"},"content":{"rendered":"<p><span style=\"color: #ff0000;\"><strong>Llama directamente o env\u00eda un WhatsApp para conocer las promociones y descuentos disponibles.<\/strong><\/span><\/p>\n<p><strong>Descripci\u00f3n:<\/strong><\/p>\n<div class=\"woocommerce-product-details__short-description\">\n<p>En nuestra academia, aprender\u00e1s a realizar todos los trabajos necesarios para conocer correctamente el producto y su aplicaci\u00f3n. Obtendr\u00e1s una experiencia completa, aprendiendo con nuestros t\u00e9cnicos c\u00f3mo cortar, plegar y trabajar con el material, realizando ejercicios pr\u00e1cticos en todo momento. Saldr\u00e1s de la academia con un conocimiento exhaustivo de los materiales y sus aplicaciones correspondientes.<\/p>\n<\/div>\n<form class=\"cart\" action=\"https:\/\/placasdecorativas.es\/producto\/curso-presencial-instalacion-de-placas-decorativas-2-dias\/\" enctype=\"multipart\/form-data\" method=\"post\" data-trp-original-action=\"https:\/\/placasdecorativas.es\/producto\/curso-presencial-instalacion-de-placas-decorativas-2-dias\/\"><input type=\"hidden\" name=\"trp-form-language\" value=\"pt\"\/><\/form>\n<p><strong>A qui\u00e9n est\u00e1 dirigido:<\/strong><\/p>\n<ul>\n<li>Instaladores y t\u00e9cnicos del sector de la construcci\u00f3n<\/li>\n<li>Arquitectos y decoradores interesados en ampliar sus conocimientos<\/li>\n<li>Profesionales que desean ofrecer nuevas soluciones decorativas a sus clientes<\/li>\n<\/ul>\n<p><strong>Por qu\u00e9 apuntarse:<\/strong><\/p>\n<ul>\n<li>Adquiere habilidades pr\u00e1cticas y t\u00e9cnicas con expertos en el campo<\/li>\n<li>Obt\u00e9n un conocimiento profundo del producto y sus aplicaciones<\/li>\n<li>Aumenta tu competitividad en el mercado con un t\u00edtulo de formaci\u00f3n reconocido<\/li>\n<\/ul>\n<p><strong>Horarios:<\/strong><\/p>\n<ul>\n<li>9:00 a 14:00<\/li>\n<li>Pausa para almorzar<\/li>\n<li>15:00 a 18:00<\/li>\n<\/ul>\n<p><strong>Beneficios:<\/strong><\/p>\n<ol>\n<li>Recibir\u00e1s una caja de muestras para mostrar a futuros clientes, arquitectos o decoradores.<\/li>\n<li>Obtendr\u00e1s un t\u00edtulo de formaci\u00f3n de nuestra academia.<\/li>\n<\/ol>\n<p>\u00a1Inscr\u00edbete y adquiere las habilidades necesarias para destacar en el uso de placas decorativas!<\/p>","protected":false},"excerpt":{"rendered":"<h2><span style=\"color: #b78f40;\"><strong>PR\u00d3XIMA FECHA: 21 Y 22 DE JUNIO<\/strong><\/span><\/h2>\n<p><span style=\"color: #ff0000;\"><strong>Llama directamente o env\u00eda un WhatsApp para conocer las promociones y descuentos disponibles.<\/strong><\/span><\/p>\n<div class=\"woocommerce-product-details__short-description\">\n<p>En nuestra academia, aprender\u00e1s a realizar todos los trabajos necesarios para conocer correctamente el producto y su aplicaci\u00f3n. Obtendr\u00e1s una experiencia completa, aprendiendo con nuestros t\u00e9cnicos c\u00f3mo cortar, plegar y trabajar con el material, realizando ejercicios pr\u00e1cticos en todo momento. Saldr\u00e1s de la academia con un conocimiento exhaustivo de los materiales y sus aplicaciones correspondientes.<\/p>\n<\/div>\n<form class=\"cart\" action=\"https:\/\/placasdecorativas.es\/producto\/curso-presencial-instalacion-de-placas-decorativas-2-dias\/\" enctype=\"multipart\/form-data\" method=\"post\" data-trp-original-action=\"https:\/\/placasdecorativas.es\/producto\/curso-presencial-instalacion-de-placas-decorativas-2-dias\/\"><input type=\"hidden\" name=\"trp-form-language\" value=\"pt\"\/><\/form>","protected":false},"featured_media":0,"comment_status":"open","ping_status":"closed","template":"","meta":{"inline_featured_image":false,"wds_primary_product_brand":0,"wds_primary_product_cat":0},"product_brand":[],"product_cat":[16],"product_tag":[],"class_list":{"0":"post-8351","1":"product","2":"type-product","3":"status-publish","5":"product_cat-uncategorized","7":"first","8":"instock","9":"virtual","10":"taxable","11":"purchasable","12":"product-type-simple"},"_links":{"self":[{"href":"https:\/\/academiajd.com\/pt\/wp-json\/wp\/v2\/product\/8351","targetHints":{"allow":["GET"]}}],"collection":[{"href":"https:\/\/academiajd.com\/pt\/wp-json\/wp\/v2\/product"}],"about":[{"href":"https:\/\/academiajd.com\/pt\/wp-json\/wp\/v2\/types\/product"}],"replies":[{"embeddable":true,"href":"https:\/\/academiajd.com\/pt\/wp-json\/wp\/v2\/comments?post=8351"}],"wp:attachment":[{"href":"https:\/\/academiajd.com\/pt\/wp-json\/wp\/v2\/media?parent=8351"}],"wp:term":[{"taxonomy":"product_brand","embeddable":true,"href":"https:\/\/academiajd.com\/pt\/wp-json\/wp\/v2\/product_brand?post=8351"},{"taxonomy":"product_cat","embeddable":true,"href":"https:\/\/academiajd.com\/pt\/wp-json\/wp\/v2\/product_cat?post=8351"},{"taxonomy":"product_tag","embeddable":true,"href":"https:\/\/academiajd.com\/pt\/wp-json\/wp\/v2\/product_tag?post=8351"}],"curies":[{"name":"wp","href":"https:\/\/api.w.org\/{rel}","templated":true}]}}