{"id":8169,"date":"2024-06-10T21:30:29","date_gmt":"2024-06-10T21:30:29","guid":{"rendered":"https:\/\/academiajd.com\/?post_type=product&#038;p=8169"},"modified":"2024-11-03T02:57:15","modified_gmt":"2024-11-03T02:57:15","slug":"curso-presencial-placas-luminicas-2-dias-compra","status":"publish","type":"product","link":"https:\/\/academiajd.com\/pt\/produto\/curso-presencial-placas-luminicas-2-dias-compra\/","title":{"rendered":"Curso Presencial: Placas Lum\u00ednicas \u2013 2 D\u00edas"},"content":{"rendered":"<p><span style=\"color: #ff0000;\"><strong>Llama directamente o env\u00eda un WhatsApp para conocer las promociones y descuentos disponibles.<\/strong><\/span><\/p>\n<p><strong>Descripci\u00f3n:<br \/>\n<\/strong>Este curso de dos d\u00edas en nuestra academia se centra en el manejo y aplicaci\u00f3n de placas lum\u00ednicas decorativas. Con una metodolog\u00eda 100% pr\u00e1ctica, trabajar\u00e1s directamente con nuestros t\u00e9cnicos, aprendiendo a cortar y manipular las placas decorativas, as\u00ed como a realizar ejercicios pr\u00e1cticos que te preparar\u00e1n para tus propios proyectos.<\/p>\n<p>Durante el curso, recibir\u00e1s formaci\u00f3n exhaustiva sobre todos los materiales disponibles, con especial enfoque en las t\u00e9cnicas de corte, ingleteado y terminaciones para obtener acabados profesionales. Adem\u00e1s, se cubrir\u00e1 la integraci\u00f3n de iluminaci\u00f3n y dom\u00f3tica en tus proyectos, garantizando que puedas ofrecer soluciones modernas y eficientes a tus clientes.<\/p>\n<p>Te ense\u00f1aremos c\u00f3mo realizar tu proyecto de principio a fin, incluyendo la iluminaci\u00f3n y la aplicaci\u00f3n de dom\u00f3tica. Saldr\u00e1s de la academia completamente preparado para abordar proyectos personalizados y de alta calidad.<\/p>\n<p><strong>A qui\u00e9n est\u00e1 dirigido:<\/strong><\/p>\n<ul>\n<li>Instaladores y t\u00e9cnicos del sector de la construcci\u00f3n<\/li>\n<li>Arquitectos y decoradores interesados en ampliar sus conocimientos<\/li>\n<li>Profesionales que desean ofrecer nuevas soluciones decorativas a sus clientes<\/li>\n<\/ul>\n<p><strong>Por qu\u00e9 apuntarse:<\/strong><\/p>\n<ul>\n<li>Adquiere habilidades pr\u00e1cticas y t\u00e9cnicas con expertos en el campo<\/li>\n<li>Obt\u00e9n un conocimiento profundo del producto y sus aplicaciones<\/li>\n<li>Aumenta tu competitividad en el mercado con un t\u00edtulo de formaci\u00f3n reconocido<\/li>\n<\/ul>\n<p><strong>Horarios:<\/strong><\/p>\n<ul>\n<li>9:00 a 14:00<\/li>\n<li>Pausa para almorzar<\/li>\n<li>15:00 a 18:00<\/li>\n<\/ul>\n<p><strong>Beneficios:<\/strong><\/p>\n<ol>\n<li>Te llevar\u00e1s el proyecto terminado, una unidad de 60x60cm.<\/li>\n<li>Recibir\u00e1s una caja de muestras para mostrar a futuros clientes, arquitectos o decoradores.<\/li>\n<li>Obtendr\u00e1s un t\u00edtulo de formaci\u00f3n de nuestra academia.<\/li>\n<\/ol>\n<p>\u00a1Inscr\u00edbete y adquiere las habilidades necesarias para destacar en el uso de placas decorativas!<\/p>","protected":false},"excerpt":{"rendered":"<p><span style=\"color: #ff0000;\"><strong>Llama directamente o env\u00eda un WhatsApp para conocer las promociones y descuentos disponibles.<\/strong><\/span><\/p>\n<p>Este curso de dos d\u00edas en nuestra academia se centra en el manejo y aplicaci\u00f3n de placas lum\u00ednicas decorativas. Con una metodolog\u00eda 100% pr\u00e1ctica, trabajar\u00e1s directamente con nuestros t\u00e9cnicos, aprendiendo a cortar y manipular las placas decorativas, as\u00ed como a realizar ejercicios pr\u00e1cticos que te preparar\u00e1n para tus propios proyectos.<\/p>\n<p>Durante el curso, recibir\u00e1s formaci\u00f3n exhaustiva sobre todos los materiales disponibles, con especial enfoque en las t\u00e9cnicas de corte, ingleteado y terminaciones para obtener acabados profesionales. Adem\u00e1s, se cubrir\u00e1 la integraci\u00f3n de iluminaci\u00f3n y dom\u00f3tica en tus proyectos, garantizando que puedas ofrecer soluciones modernas y eficientes a tus clientes.<\/p>\n<p>Te ense\u00f1aremos c\u00f3mo realizar tu proyecto de principio a fin, incluyendo la iluminaci\u00f3n y la aplicaci\u00f3n de dom\u00f3tica. Saldr\u00e1s de la academia completamente preparado para abordar proyectos personalizados y de alta calidad.<\/p>","protected":false},"featured_media":8165,"comment_status":"open","ping_status":"closed","template":"","meta":{"inline_featured_image":false,"wds_primary_product_brand":0,"wds_primary_product_cat":0},"product_brand":[],"product_cat":[16],"product_tag":[],"class_list":{"0":"post-8169","1":"product","2":"type-product","3":"status-publish","4":"has-post-thumbnail","6":"product_cat-uncategorized","8":"first","9":"instock","10":"virtual","11":"taxable","12":"purchasable","13":"product-type-simple"},"_links":{"self":[{"href":"https:\/\/academiajd.com\/pt\/wp-json\/wp\/v2\/product\/8169","targetHints":{"allow":["GET"]}}],"collection":[{"href":"https:\/\/academiajd.com\/pt\/wp-json\/wp\/v2\/product"}],"about":[{"href":"https:\/\/academiajd.com\/pt\/wp-json\/wp\/v2\/types\/product"}],"replies":[{"embeddable":true,"href":"https:\/\/academiajd.com\/pt\/wp-json\/wp\/v2\/comments?post=8169"}],"wp:featuredmedia":[{"embeddable":true,"href":"https:\/\/academiajd.com\/pt\/wp-json\/wp\/v2\/media\/8165"}],"wp:attachment":[{"href":"https:\/\/academiajd.com\/pt\/wp-json\/wp\/v2\/media?parent=8169"}],"wp:term":[{"taxonomy":"product_brand","embeddable":true,"href":"https:\/\/academiajd.com\/pt\/wp-json\/wp\/v2\/product_brand?post=8169"},{"taxonomy":"product_cat","embeddable":true,"href":"https:\/\/academiajd.com\/pt\/wp-json\/wp\/v2\/product_cat?post=8169"},{"taxonomy":"product_tag","embeddable":true,"href":"https:\/\/academiajd.com\/pt\/wp-json\/wp\/v2\/product_tag?post=8169"}],"curies":[{"name":"wp","href":"https:\/\/api.w.org\/{rel}","templated":true}]}}