{"id":7851,"date":"2024-05-21T09:14:15","date_gmt":"2024-05-21T09:14:15","guid":{"rendered":"https:\/\/academiajd.com\/?page_id=7851"},"modified":"2024-07-01T10:03:24","modified_gmt":"2024-07-01T10:03:24","slug":"bolsa-de-empleo","status":"publish","type":"page","link":"https:\/\/academiajd.com\/pt\/bolsa-de-empleo\/","title":{"rendered":"Bolsa de Empleo"},"content":{"rendered":"<div data-elementor-type=\"wp-page\" data-elementor-id=\"7851\" class=\"elementor elementor-7851\" data-elementor-post-type=\"page\">\n\t\t\t\t\t\t<section class=\"elementor-section elementor-top-section elementor-element elementor-element-22c58cce elementor-section-boxed elementor-section-height-default elementor-section-height-default\" data-id=\"22c58cce\" data-element_type=\"section\" data-e-type=\"section\" data-settings=\"{&quot;background_background&quot;:&quot;classic&quot;}\">\n\t\t\t\t\t\t\t<div class=\"elementor-background-overlay\"><\/div>\n\t\t\t\t\t\t\t<div class=\"elementor-container elementor-column-gap-default\">\n\t\t\t\t\t<div class=\"elementor-column elementor-col-50 elementor-top-column elementor-element elementor-element-4ef2a38c\" data-id=\"4ef2a38c\" data-element_type=\"column\" data-e-type=\"column\">\n\t\t\t<div class=\"elementor-widget-wrap elementor-element-populated\">\n\t\t\t\t\t\t<div class=\"elementor-element elementor-element-7ebe8c58 elementor-widget elementor-widget-heading\" data-id=\"7ebe8c58\" data-element_type=\"widget\" data-e-type=\"widget\" data-widget_type=\"heading.default\">\n\t\t\t\t<div class=\"elementor-widget-container\">\n\t\t\t\t\t<h2 class=\"elementor-heading-title elementor-size-default\">Bolsa de Empleo<\/h2>\t\t\t\t<\/div>\n\t\t\t\t<\/div>\n\t\t\t\t\t<\/div>\n\t\t<\/div>\n\t\t\t\t<div class=\"elementor-column elementor-col-50 elementor-top-column elementor-element elementor-element-1487bb02\" data-id=\"1487bb02\" data-element_type=\"column\" data-e-type=\"column\">\n\t\t\t<div class=\"elementor-widget-wrap\">\n\t\t\t\t\t\t\t<\/div>\n\t\t<\/div>\n\t\t\t\t\t<\/div>\n\t\t<\/section>\n\t\t\t\t<section class=\"elementor-section elementor-top-section elementor-element elementor-element-2b94ece8 elementor-section-boxed elementor-section-height-default elementor-section-height-default\" data-id=\"2b94ece8\" data-element_type=\"section\" data-e-type=\"section\" data-settings=\"{&quot;background_background&quot;:&quot;classic&quot;}\">\n\t\t\t\t\t\t<div class=\"elementor-container elementor-column-gap-default\">\n\t\t\t\t\t<div class=\"elementor-column elementor-col-50 elementor-top-column elementor-element elementor-element-1ce56fbe\" data-id=\"1ce56fbe\" data-element_type=\"column\" data-e-type=\"column\">\n\t\t\t<div class=\"elementor-widget-wrap elementor-element-populated\">\n\t\t\t\t\t\t<div class=\"elementor-element elementor-element-22677540 animated-slow elementor-invisible elementor-widget elementor-widget-heading\" data-id=\"22677540\" data-element_type=\"widget\" data-e-type=\"widget\" data-settings=\"{&quot;_animation&quot;:&quot;fadeIn&quot;}\" data-widget_type=\"heading.default\">\n\t\t\t\t<div class=\"elementor-widget-container\">\n\t\t\t\t\t<h1 class=\"elementor-heading-title elementor-size-default\">\u00danete a la familia Academia JD<\/h1>\t\t\t\t<\/div>\n\t\t\t\t<\/div>\n\t\t\t\t<div class=\"elementor-element elementor-element-82a3a7c elementor-widget elementor-widget-text-editor\" data-id=\"82a3a7c\" data-element_type=\"widget\" data-e-type=\"widget\" data-widget_type=\"text-editor.default\">\n\t\t\t\t<div class=\"elementor-widget-container\">\n\t\t\t\t\t\t\t\t\t<p>En la Academia JD, valoramos el talento y el compromiso de los profesionales del sector. Al unirte a nuestra familia, tendr\u00e1s acceso a una red de oportunidades laborales a trav\u00e9s de nuestra bolsa de empleo. <br><br>Buscamos tanto a profesores apasionados por la ense\u00f1anza como a expertos que deseen aplicar sus habilidades en el mercado laboral exterior. <br><br>Con\u00e9ctate con empresas l\u00edderes en reformas y decoraci\u00f3n, y descubre c\u00f3mo la Academia JD puede ayudarte a alcanzar nuevas metas profesionales. \u00danete a nuestra familia y da el siguiente paso en tu carrera con el respaldo de un equipo dedicado a tu \u00e9xito.<\/p>\t\t\t\t\t\t\t\t<\/div>\n\t\t\t\t<\/div>\n\t\t\t\t\t<\/div>\n\t\t<\/div>\n\t\t\t\t<div class=\"elementor-column elementor-col-50 elementor-top-column elementor-element elementor-element-b0418b0\" data-id=\"b0418b0\" data-element_type=\"column\" data-e-type=\"column\" data-settings=\"{&quot;background_background&quot;:&quot;classic&quot;}\">\n\t\t\t<div class=\"elementor-widget-wrap elementor-element-populated\">\n\t\t\t\t\t\t<div class=\"elementor-element elementor-element-ba9a72d elementor-widget elementor-widget-shortcode\" data-id=\"ba9a72d\" data-element_type=\"widget\" data-e-type=\"widget\" data-widget_type=\"shortcode.default\">\n\t\t\t\t<div class=\"elementor-widget-container\">\n\t\t\t\t\t\t\t<div class=\"elementor-shortcode\">\t\t<div class=\"zbscrmFrontEndForm\" id=\"zbs_form_1\">\n\t\t\t<div id=\"zbs_form_ajax_action\" data-zbsformajax=\"https:\/\/academiajd.com\/wp-admin\/admin-ajax.php\"><\/div>\n\t\t\t<div class=\"embed\">\n\t\t\t\t<div class=\"cgrab\" style=\"border:0 !important\">\n\t\t\t\t\t<div class=\"content\">\n\t\t\t\t\t\t<h1>Formulario de contacto<\/h1>\n\t\t\t\t\t\t<h3>D\u00e9janos tus datos y nos pondremos en contacto contigo.<\/h3>\n\t\t\t\t\t\t<div class=\"form-wrapper zbsFormWrap\">\n\t\t\t\t\t\t\t<input class=\"input\" type=\"text\" id=\"zbs_fname\" name=\"zbs_fname\" placeholder=\"Nombre\" value=\"\"\/>\n\t\t\t\t\t\t\t<input class=\"input\" type=\"text\" id=\"zbs_lname\" name=\"zbs_lname\" placeholder=\"Apellidos\" value=\"\"\/>\n\t\t\t\t\t\t\t<input class=\"input\" type=\"text\" id=\"zbs_email\" name=\"zbs_email\" placeholder=\"Correo Electr\u00f3nico\" value=\"\"\/>\n\t\t\t\t\t\t\t<textarea class=\"textarea\" id=\"zbs_notes\" name=\"zbs_notes\" placeholder=\"Tu mensaje\"><\/textarea>\n\t\t\t\t\t\t\t<input class=\"input\" type=\"hidden\" id=\"zbs_hpot_email\" name=\"zbs_hpot_email\" value=\"\"\/>\n\t\t\t\t\t\t\t<input class=\"input\" type=\"hidden\" id=\"zbs_form_view_id\" name=\"zbs_form_id\" value=\"1\" \/>\n\t\t\t\t\t\t\t<input class=\"input\" type=\"hidden\" id=\"zbs_form_style\" name=\"zbs_form_style\" value=\"zbs_cgrab\" \/>\n\t\t\t\t\t\t\t<input type=\"hidden\" name=\"action\" value=\"zbs_lead_form\">\n\t\t\t\t\t\t\t\t\t\t\t\t\t\t<input class=\"send\" type=\"submit\" value=\"Enviar\"\/>\n\t\t\t\t\t\t\t<div class=\"clear\"><\/div>\n\t\t\t\t\t\t\t<div class=\"trailer\">We will not send you spam. Our team will be in touch within 24 to 48 hours Mon-Fri (but often much quicker)<\/div>\n\t\t\t\t\t\t<\/div>\n\t\t\t\t\t\t<div class=\"zbsForm_success\">Thanks. We will be in touch.<\/div>\n\t\t\t\t\t\t\t\t\t\t\t<\/div>\n\t\t\t\t<\/div>\n\t\t\t<\/div>\n\t\t<\/div>\n\t<\/div>\n\t\t\t\t\t\t<\/div>\n\t\t\t\t<\/div>\n\t\t\t\t\t<\/div>\n\t\t<\/div>\n\t\t\t\t\t<\/div>\n\t\t<\/section>\n\t\t<div class=\"elementor-element elementor-element-e1e2abc e-flex e-con-boxed e-con e-parent\" data-id=\"e1e2abc\" data-element_type=\"container\" data-e-type=\"container\">\n\t\t\t\t\t<div class=\"e-con-inner\">\n\t\t\t\t\t<\/div>\n\t\t\t\t<\/div>\n\t\t\t\t<\/div>","protected":false},"excerpt":{"rendered":"<p>Bolsa de Empleo \u00danete a la familia Academia JD En la Academia JD, valoramos el talento y el compromiso de los profesionales del sector. Al unirte a nuestra familia, tendr\u00e1s [&hellip;]<\/p>","protected":false},"author":1,"featured_media":0,"parent":0,"menu_order":0,"comment_status":"closed","ping_status":"closed","template":"","meta":{"inline_featured_image":false,"footnotes":""},"class_list":["post-7851","page","type-page","status-publish","hentry"],"_links":{"self":[{"href":"https:\/\/academiajd.com\/pt\/wp-json\/wp\/v2\/pages\/7851","targetHints":{"allow":["GET"]}}],"collection":[{"href":"https:\/\/academiajd.com\/pt\/wp-json\/wp\/v2\/pages"}],"about":[{"href":"https:\/\/academiajd.com\/pt\/wp-json\/wp\/v2\/types\/page"}],"author":[{"embeddable":true,"href":"https:\/\/academiajd.com\/pt\/wp-json\/wp\/v2\/users\/1"}],"replies":[{"embeddable":true,"href":"https:\/\/academiajd.com\/pt\/wp-json\/wp\/v2\/comments?post=7851"}],"version-history":[{"count":0,"href":"https:\/\/academiajd.com\/pt\/wp-json\/wp\/v2\/pages\/7851\/revisions"}],"wp:attachment":[{"href":"https:\/\/academiajd.com\/pt\/wp-json\/wp\/v2\/media?parent=7851"}],"curies":[{"name":"wp","href":"https:\/\/api.w.org\/{rel}","templated":true}]}}