{"id":1671,"date":"2021-04-19T10:19:59","date_gmt":"2021-04-19T10:19:59","guid":{"rendered":"https:\/\/preview.tutorlms.com\/elementor-marketplace\/?page_id=1671"},"modified":"2024-08-05T17:03:17","modified_gmt":"2024-08-05T17:03:17","slug":"noticias","status":"publish","type":"page","link":"https:\/\/academiajd.com\/pt\/noticias\/","title":{"rendered":"Noticias"},"content":{"rendered":"<div data-elementor-type=\"wp-page\" data-elementor-id=\"1671\" class=\"elementor elementor-1671\" data-elementor-post-type=\"page\">\n\t\t\t\t\t\t<section class=\"elementor-section elementor-top-section elementor-element elementor-element-a500501 elementor-section-boxed elementor-section-height-default elementor-section-height-default\" data-id=\"a500501\" data-element_type=\"section\" data-e-type=\"section\" data-settings=\"{&quot;background_background&quot;:&quot;classic&quot;}\">\n\t\t\t\t\t\t\t<div class=\"elementor-background-overlay\"><\/div>\n\t\t\t\t\t\t\t<div class=\"elementor-container elementor-column-gap-default\">\n\t\t\t\t\t<div class=\"elementor-column elementor-col-100 elementor-top-column elementor-element elementor-element-cb67adf\" data-id=\"cb67adf\" data-element_type=\"column\" data-e-type=\"column\">\n\t\t\t<div class=\"elementor-widget-wrap elementor-element-populated\">\n\t\t\t\t\t\t<div class=\"elementor-element elementor-element-a3a39f9 elementor-widget elementor-widget-heading\" data-id=\"a3a39f9\" data-element_type=\"widget\" data-e-type=\"widget\" data-widget_type=\"heading.default\">\n\t\t\t\t<div class=\"elementor-widget-container\">\n\t\t\t\t\t<h2 class=\"elementor-heading-title elementor-size-default\">Noticias<\/h2>\t\t\t\t<\/div>\n\t\t\t\t<\/div>\n\t\t\t\t<div class=\"elementor-element elementor-element-07b6a2d elementor-widget elementor-widget-text-editor\" data-id=\"07b6a2d\" data-element_type=\"widget\" data-e-type=\"widget\" data-widget_type=\"text-editor.default\">\n\t\t\t\t<div class=\"elementor-widget-container\">\n\t\t\t\t\t\t\t\t\t<p>Mantente al tanto de todas las noticias relevantes de <strong style=\"font-size: 25px;\">Academia JD<\/strong><\/p>\t\t\t\t\t\t\t\t<\/div>\n\t\t\t\t<\/div>\n\t\t\t\t\t<\/div>\n\t\t<\/div>\n\t\t\t\t\t<\/div>\n\t\t<\/section>\n\t\t<div class=\"elementor-element elementor-element-5bcbb86 e-flex e-con-boxed e-con e-parent\" data-id=\"5bcbb86\" data-element_type=\"container\" data-e-type=\"container\">\n\t\t\t\t\t<div class=\"e-con-inner\">\n\t\t\t\t<div class=\"elementor-element elementor-element-d8770f3 elementor-grid-3 elementor-grid-tablet-2 elementor-grid-mobile-1 elementor-posts--thumbnail-top elementor-widget elementor-widget-posts\" data-id=\"d8770f3\" data-element_type=\"widget\" data-e-type=\"widget\" data-settings=\"{&quot;pagination_type&quot;:&quot;numbers_and_prev_next&quot;,&quot;classic_columns&quot;:&quot;3&quot;,&quot;classic_columns_tablet&quot;:&quot;2&quot;,&quot;classic_columns_mobile&quot;:&quot;1&quot;,&quot;classic_row_gap&quot;:{&quot;unit&quot;:&quot;px&quot;,&quot;size&quot;:35,&quot;sizes&quot;:[]},&quot;classic_row_gap_tablet&quot;:{&quot;unit&quot;:&quot;px&quot;,&quot;size&quot;:&quot;&quot;,&quot;sizes&quot;:[]},&quot;classic_row_gap_mobile&quot;:{&quot;unit&quot;:&quot;px&quot;,&quot;size&quot;:&quot;&quot;,&quot;sizes&quot;:[]}}\" data-widget_type=\"posts.classic\">\n\t\t\t\t<div class=\"elementor-widget-container\">\n\t\t\t\t\t\t\t<div class=\"elementor-posts-container elementor-posts elementor-posts--skin-classic elementor-grid\" role=\"list\">\n\t\t\t\t<article class=\"elementor-post elementor-grid-item post-9911 post type-post status-publish format-standard has-post-thumbnail hentry category-uncategorized\" role=\"listitem\">\n\t\t\t\t<a class=\"elementor-post__thumbnail__link\" href=\"https:\/\/academiajd.com\/pt\/jd-placas-decorativas-destacada-en-el-telediario-de-navarra-por-su-innovador-curso-de-formacion\/\" tabindex=\"-1\" >\n\t\t\t<div class=\"elementor-post__thumbnail\"><img fetchpriority=\"high\" decoding=\"async\" width=\"300\" height=\"194\" src=\"https:\/\/academiajd.com\/wp-content\/uploads\/2024\/10\/Navarra-TV-300x194.png\" class=\"attachment-medium size-medium wp-image-9909\" alt=\"\" srcset=\"https:\/\/academiajd.com\/wp-content\/uploads\/2024\/10\/Navarra-TV-300x194.png 300w, https:\/\/academiajd.com\/wp-content\/uploads\/2024\/10\/Navarra-TV-768x496.png 768w, https:\/\/academiajd.com\/wp-content\/uploads\/2024\/10\/Navarra-TV-18x12.png 18w, https:\/\/academiajd.com\/wp-content\/uploads\/2024\/10\/Navarra-TV-600x388.png 600w, https:\/\/academiajd.com\/wp-content\/uploads\/2024\/10\/Navarra-TV.png 1009w\" sizes=\"(max-width: 300px) 100vw, 300px\" \/><\/div>\n\t\t<\/a>\n\t\t\t\t<div class=\"elementor-post__text\">\n\t\t\t\t<h2 class=\"elementor-post__title\">\n\t\t\t<a href=\"https:\/\/academiajd.com\/pt\/jd-placas-decorativas-destacada-en-el-telediario-de-navarra-por-su-innovador-curso-de-formacion\/\" >\n\t\t\t\tJD Placas Decorativas destacada en el Telediario de Navarra por su innovador curso de formaci\u00f3n\t\t\t<\/a>\n\t\t<\/h2>\n\t\t\t\t<div class=\"elementor-post__meta-data\">\n\t\t\t\t\t<span class=\"elementor-post-date\">\n\t\t\t23\/10\/2024\t\t<\/span>\n\t\t\t\t<\/div>\n\t\t\t\t<div class=\"elementor-post__excerpt\">\n\t\t\t<p>Recientemente,\u00a0JD Placas Decorativas\u00a0fue protagonista en el\u00a0Telediario de Navarra, donde se destac\u00f3 un curso formativo celebrado en Pamplona, destinado a profesionales y aficionados del sector de la construcci\u00f3n. El curso, organizado en colaboraci\u00f3n con\u00a0Construcciones Lamberto, se centr\u00f3 en la ense\u00f1anza del manejo de las\u00a0placas decorativas de gran formato\u00a0de JD, una soluci\u00f3n<\/p>\n\t\t<\/div>\n\t\t\t\t\t<div class=\"elementor-post__read-more-wrapper\">\n\t\t\n\t\t<a class=\"elementor-post__read-more\" href=\"https:\/\/academiajd.com\/pt\/jd-placas-decorativas-destacada-en-el-telediario-de-navarra-por-su-innovador-curso-de-formacion\/\" aria-label=\"Read more about JD Placas Decorativas destacada en el Telediario de Navarra por su innovador curso de formaci\u00f3n\" tabindex=\"-1\" >\n\t\t\tLEER M\u00c1S \u00bb\t\t<\/a>\n\n\t\t\t\t\t<\/div>\n\t\t\t\t<\/div>\n\t\t\t\t<\/article>\n\t\t\t\t<article class=\"elementor-post elementor-grid-item post-9594 post type-post status-publish format-standard has-post-thumbnail hentry category-uncategorized\" role=\"listitem\">\n\t\t\t\t<a class=\"elementor-post__thumbnail__link\" href=\"https:\/\/academiajd.com\/pt\/academia-jd-celebra-su-septima-edicion-con-exito-en-alcala-de-henares\/\" tabindex=\"-1\" >\n\t\t\t<div class=\"elementor-post__thumbnail\"><img decoding=\"async\" width=\"300\" height=\"202\" data-src=\"https:\/\/academiajd.com\/wp-content\/uploads\/2024\/08\/Portada2-1-300x202.jpg\" class=\"attachment-medium size-medium wp-image-9604 lazyload\" alt=\"\" data-srcset=\"https:\/\/academiajd.com\/wp-content\/uploads\/2024\/08\/Portada2-1-300x202.jpg 300w, https:\/\/academiajd.com\/wp-content\/uploads\/2024\/08\/Portada2-1-1024x691.jpg 1024w, https:\/\/academiajd.com\/wp-content\/uploads\/2024\/08\/Portada2-1-768x518.jpg 768w, https:\/\/academiajd.com\/wp-content\/uploads\/2024\/08\/Portada2-1-1536x1036.jpg 1536w, https:\/\/academiajd.com\/wp-content\/uploads\/2024\/08\/Portada2-1-2048x1382.jpg 2048w, https:\/\/academiajd.com\/wp-content\/uploads\/2024\/08\/Portada2-1-18x12.jpg 18w, https:\/\/academiajd.com\/wp-content\/uploads\/2024\/08\/Portada2-1-600x405.jpg 600w\" data-sizes=\"auto\" src=\"data:image\/svg+xml;base64,PHN2ZyB3aWR0aD0iMSIgaGVpZ2h0PSIxIiB4bWxucz0iaHR0cDovL3d3dy53My5vcmcvMjAwMC9zdmciPjwvc3ZnPg==\" style=\"--smush-placeholder-width: 300px; --smush-placeholder-aspect-ratio: 300\/202;\" data-original-sizes=\"(max-width: 300px) 100vw, 300px\" \/><\/div>\n\t\t<\/a>\n\t\t\t\t<div class=\"elementor-post__text\">\n\t\t\t\t<h2 class=\"elementor-post__title\">\n\t\t\t<a href=\"https:\/\/academiajd.com\/pt\/academia-jd-celebra-su-septima-edicion-con-exito-en-alcala-de-henares\/\" >\n\t\t\t\tAcademia JD Celebra su S\u00e9ptima Edici\u00f3n con \u00c9xito en Alcal\u00e1 de Henares\t\t\t<\/a>\n\t\t<\/h2>\n\t\t\t\t<div class=\"elementor-post__meta-data\">\n\t\t\t\t\t<span class=\"elementor-post-date\">\n\t\t\t20\/07\/2024\t\t<\/span>\n\t\t\t\t<\/div>\n\t\t\t\t<div class=\"elementor-post__excerpt\">\n\t\t\t<p>El pasado mes de julio, Academia JD celebr\u00f3 con gran \u00e9xito la s\u00e9ptima edici\u00f3n de sus cursos en el restaurante El Olivar en Alcal\u00e1 de Henares. Con la asistencia de m\u00e1s de 50 personas, este evento fue un aut\u00e9ntico \u00e9xito, especialmente destacable por llevarse a cabo en pleno verano. Entre<\/p>\n\t\t<\/div>\n\t\t\t\t\t<div class=\"elementor-post__read-more-wrapper\">\n\t\t\n\t\t<a class=\"elementor-post__read-more\" href=\"https:\/\/academiajd.com\/pt\/academia-jd-celebra-su-septima-edicion-con-exito-en-alcala-de-henares\/\" aria-label=\"Read more about Academia JD Celebra su S\u00e9ptima Edici\u00f3n con \u00c9xito en Alcal\u00e1 de Henares\" tabindex=\"-1\" >\n\t\t\tLEER M\u00c1S \u00bb\t\t<\/a>\n\n\t\t\t\t\t<\/div>\n\t\t\t\t<\/div>\n\t\t\t\t<\/article>\n\t\t\t\t<article class=\"elementor-post elementor-grid-item post-9416 post type-post status-publish format-standard has-post-thumbnail hentry category-uncategorized\" role=\"listitem\">\n\t\t\t\t<a class=\"elementor-post__thumbnail__link\" href=\"https:\/\/academiajd.com\/pt\/mas-chicas-se-unen-a-academia-jd\/\" tabindex=\"-1\" >\n\t\t\t<div class=\"elementor-post__thumbnail\"><img decoding=\"async\" width=\"225\" height=\"300\" data-src=\"https:\/\/academiajd.com\/wp-content\/uploads\/2024\/07\/20240719_142604-225x300.jpg\" class=\"attachment-medium size-medium wp-image-9423 lazyload\" alt=\"\" data-srcset=\"https:\/\/academiajd.com\/wp-content\/uploads\/2024\/07\/20240719_142604-225x300.jpg 225w, https:\/\/academiajd.com\/wp-content\/uploads\/2024\/07\/20240719_142604-768x1024.jpg 768w, https:\/\/academiajd.com\/wp-content\/uploads\/2024\/07\/20240719_142604-1152x1536.jpg 1152w, https:\/\/academiajd.com\/wp-content\/uploads\/2024\/07\/20240719_142604-1536x2048.jpg 1536w, https:\/\/academiajd.com\/wp-content\/uploads\/2024\/07\/20240719_142604-9x12.jpg 9w, https:\/\/academiajd.com\/wp-content\/uploads\/2024\/07\/20240719_142604-600x800.jpg 600w, https:\/\/academiajd.com\/wp-content\/uploads\/2024\/07\/20240719_142604-scaled.jpg 1920w\" data-sizes=\"auto\" src=\"data:image\/svg+xml;base64,PHN2ZyB3aWR0aD0iMSIgaGVpZ2h0PSIxIiB4bWxucz0iaHR0cDovL3d3dy53My5vcmcvMjAwMC9zdmciPjwvc3ZnPg==\" style=\"--smush-placeholder-width: 225px; --smush-placeholder-aspect-ratio: 225\/300;\" data-original-sizes=\"(max-width: 225px) 100vw, 225px\" \/><\/div>\n\t\t<\/a>\n\t\t\t\t<div class=\"elementor-post__text\">\n\t\t\t\t<h2 class=\"elementor-post__title\">\n\t\t\t<a href=\"https:\/\/academiajd.com\/pt\/mas-chicas-se-unen-a-academia-jd\/\" >\n\t\t\t\tM\u00e1s Chicas se Unen a Academia JD\t\t\t<\/a>\n\t\t<\/h2>\n\t\t\t\t<div class=\"elementor-post__meta-data\">\n\t\t\t\t\t<span class=\"elementor-post-date\">\n\t\t\t19\/07\/2024\t\t<\/span>\n\t\t\t\t<\/div>\n\t\t\t\t<div class=\"elementor-post__excerpt\">\n\t\t\t<p>En Academia JD, estamos encantados de anunciar que cada vez m\u00e1s mujeres se suman a nuestra formaci\u00f3n en montaje de placas y sus diversas opciones de plegados y cortes. Con su creatividad y habilidades, est\u00e1n dise\u00f1ando y creando cubos, mesas, troqueles e incluso sus propios logotipos, demostrando que no hay<\/p>\n\t\t<\/div>\n\t\t\t\t\t<div class=\"elementor-post__read-more-wrapper\">\n\t\t\n\t\t<a class=\"elementor-post__read-more\" href=\"https:\/\/academiajd.com\/pt\/mas-chicas-se-unen-a-academia-jd\/\" aria-label=\"Read more about M\u00e1s Chicas se Unen a Academia JD\" tabindex=\"-1\" >\n\t\t\tLEER M\u00c1S \u00bb\t\t<\/a>\n\n\t\t\t\t\t<\/div>\n\t\t\t\t<\/div>\n\t\t\t\t<\/article>\n\t\t\t\t<article class=\"elementor-post elementor-grid-item post-8485 post type-post status-publish format-standard has-post-thumbnail hentry category-uncategorized\" role=\"listitem\">\n\t\t\t\t<a class=\"elementor-post__thumbnail__link\" href=\"https:\/\/academiajd.com\/pt\/proximo-centro-de-academia-jd-en-pontevedra\/\" tabindex=\"-1\" >\n\t\t\t<div class=\"elementor-post__thumbnail\"><img decoding=\"async\" width=\"300\" height=\"300\" data-src=\"https:\/\/academiajd.com\/wp-content\/uploads\/2024\/05\/cropped-Logo-copia-300x300.jpeg\" class=\"attachment-medium size-medium wp-image-7879 lazyload\" alt=\"\" data-srcset=\"https:\/\/academiajd.com\/wp-content\/uploads\/2024\/05\/cropped-Logo-copia-300x300.jpeg 300w, https:\/\/academiajd.com\/wp-content\/uploads\/2024\/05\/cropped-Logo-copia-150x150.jpeg 150w, https:\/\/academiajd.com\/wp-content\/uploads\/2024\/05\/cropped-Logo-copia-100x100.jpeg 100w, https:\/\/academiajd.com\/wp-content\/uploads\/2024\/05\/cropped-Logo-copia-270x270.jpeg 270w, https:\/\/academiajd.com\/wp-content\/uploads\/2024\/05\/cropped-Logo-copia-192x192.jpeg 192w, https:\/\/academiajd.com\/wp-content\/uploads\/2024\/05\/cropped-Logo-copia-180x180.jpeg 180w, https:\/\/academiajd.com\/wp-content\/uploads\/2024\/05\/cropped-Logo-copia-32x32.jpeg 32w, https:\/\/academiajd.com\/wp-content\/uploads\/2024\/05\/cropped-Logo-copia.jpeg 512w\" data-sizes=\"auto\" src=\"data:image\/svg+xml;base64,PHN2ZyB3aWR0aD0iMSIgaGVpZ2h0PSIxIiB4bWxucz0iaHR0cDovL3d3dy53My5vcmcvMjAwMC9zdmciPjwvc3ZnPg==\" style=\"--smush-placeholder-width: 300px; --smush-placeholder-aspect-ratio: 300\/300;\" data-original-sizes=\"(max-width: 300px) 100vw, 300px\" \/><\/div>\n\t\t<\/a>\n\t\t\t\t<div class=\"elementor-post__text\">\n\t\t\t\t<h2 class=\"elementor-post__title\">\n\t\t\t<a href=\"https:\/\/academiajd.com\/pt\/proximo-centro-de-academia-jd-en-pontevedra\/\" >\n\t\t\t\tPr\u00f3ximo Centro de Academia JD en Pontevedra\t\t\t<\/a>\n\t\t<\/h2>\n\t\t\t\t<div class=\"elementor-post__meta-data\">\n\t\t\t\t\t<span class=\"elementor-post-date\">\n\t\t\t27\/06\/2024\t\t<\/span>\n\t\t\t\t<\/div>\n\t\t\t\t<div class=\"elementor-post__excerpt\">\n\t\t\t<p>Estamos emocionados de anunciar la apertura de nuestra nueva Academia JD en Pontevedra. Esta expansi\u00f3n responde a la creciente demanda de formaci\u00f3n especializada en instalaci\u00f3n de placas decorativas y reformas en la regi\u00f3n. La nueva academia ofrecer\u00e1 una amplia gama de cursos pr\u00e1cticos y te\u00f3ricos, dise\u00f1ados para capacitar a profesionales<\/p>\n\t\t<\/div>\n\t\t\t\t\t<div class=\"elementor-post__read-more-wrapper\">\n\t\t\n\t\t<a class=\"elementor-post__read-more\" href=\"https:\/\/academiajd.com\/pt\/proximo-centro-de-academia-jd-en-pontevedra\/\" aria-label=\"Read more about Pr\u00f3ximo Centro de Academia JD en Pontevedra\" tabindex=\"-1\" >\n\t\t\tLEER M\u00c1S \u00bb\t\t<\/a>\n\n\t\t\t\t\t<\/div>\n\t\t\t\t<\/div>\n\t\t\t\t<\/article>\n\t\t\t\t<article class=\"elementor-post elementor-grid-item post-9578 post type-post status-publish format-standard has-post-thumbnail hentry category-uncategorized\" role=\"listitem\">\n\t\t\t\t<a class=\"elementor-post__thumbnail__link\" href=\"https:\/\/academiajd.com\/pt\/exito-rotundo-en-el-curso-de-junio-de-la-academia-jd\/\" tabindex=\"-1\" >\n\t\t\t<div class=\"elementor-post__thumbnail\"><img decoding=\"async\" width=\"300\" height=\"167\" data-src=\"https:\/\/academiajd.com\/wp-content\/uploads\/2024\/08\/Portada2-300x167.jpg\" class=\"attachment-medium size-medium wp-image-9590 lazyload\" alt=\"\" data-srcset=\"https:\/\/academiajd.com\/wp-content\/uploads\/2024\/08\/Portada2-300x167.jpg 300w, https:\/\/academiajd.com\/wp-content\/uploads\/2024\/08\/Portada2-1024x572.jpg 1024w, https:\/\/academiajd.com\/wp-content\/uploads\/2024\/08\/Portada2-768x429.jpg 768w, https:\/\/academiajd.com\/wp-content\/uploads\/2024\/08\/Portada2-18x10.jpg 18w, https:\/\/academiajd.com\/wp-content\/uploads\/2024\/08\/Portada2-600x335.jpg 600w, https:\/\/academiajd.com\/wp-content\/uploads\/2024\/08\/Portada2.jpg 1512w\" data-sizes=\"auto\" src=\"data:image\/svg+xml;base64,PHN2ZyB3aWR0aD0iMSIgaGVpZ2h0PSIxIiB4bWxucz0iaHR0cDovL3d3dy53My5vcmcvMjAwMC9zdmciPjwvc3ZnPg==\" style=\"--smush-placeholder-width: 300px; --smush-placeholder-aspect-ratio: 300\/167;\" data-original-sizes=\"(max-width: 300px) 100vw, 300px\" \/><\/div>\n\t\t<\/a>\n\t\t\t\t<div class=\"elementor-post__text\">\n\t\t\t\t<h2 class=\"elementor-post__title\">\n\t\t\t<a href=\"https:\/\/academiajd.com\/pt\/exito-rotundo-en-el-curso-de-junio-de-la-academia-jd\/\" >\n\t\t\t\t\u00c9xito Rotundo en el Curso de Junio de la Academia JD\t\t\t<\/a>\n\t\t<\/h2>\n\t\t\t\t<div class=\"elementor-post__meta-data\">\n\t\t\t\t\t<span class=\"elementor-post-date\">\n\t\t\t23\/06\/2024\t\t<\/span>\n\t\t\t\t<\/div>\n\t\t\t\t<div class=\"elementor-post__excerpt\">\n\t\t\t<p>El pasado 23 de junio, la Academia JD celebr\u00f3 con gran \u00e9xito otro de sus cursos especializados en el sector de la construcci\u00f3n y la decoraci\u00f3n. La jornada, llena de aprendizaje y colaboraci\u00f3n, reuni\u00f3 a un nutrido grupo de profesionales y entusiastas del sector. \u00a0 Las fotos del evento muestran<\/p>\n\t\t<\/div>\n\t\t\t\t\t<div class=\"elementor-post__read-more-wrapper\">\n\t\t\n\t\t<a class=\"elementor-post__read-more\" href=\"https:\/\/academiajd.com\/pt\/exito-rotundo-en-el-curso-de-junio-de-la-academia-jd\/\" aria-label=\"Read more about \u00c9xito Rotundo en el Curso de Junio de la Academia JD\" tabindex=\"-1\" >\n\t\t\tLEER M\u00c1S \u00bb\t\t<\/a>\n\n\t\t\t\t\t<\/div>\n\t\t\t\t<\/div>\n\t\t\t\t<\/article>\n\t\t\t\t<article class=\"elementor-post elementor-grid-item post-8447 post type-post status-publish format-standard has-post-thumbnail hentry category-uncategorized\" role=\"listitem\">\n\t\t\t\t<a class=\"elementor-post__thumbnail__link\" href=\"https:\/\/academiajd.com\/pt\/inauguracion-academia-jd-en-pamplona\/\" tabindex=\"-1\" >\n\t\t\t<div class=\"elementor-post__thumbnail\"><img decoding=\"async\" width=\"225\" height=\"300\" data-src=\"https:\/\/academiajd.com\/wp-content\/uploads\/2024\/07\/IMG_4212-225x300.jpg\" class=\"attachment-medium size-medium wp-image-8610 lazyload\" alt=\"\" data-srcset=\"https:\/\/academiajd.com\/wp-content\/uploads\/2024\/07\/IMG_4212-225x300.jpg 225w, https:\/\/academiajd.com\/wp-content\/uploads\/2024\/07\/IMG_4212-9x12.jpg 9w, https:\/\/academiajd.com\/wp-content\/uploads\/2024\/07\/IMG_4212.jpg 480w\" data-sizes=\"auto\" src=\"data:image\/svg+xml;base64,PHN2ZyB3aWR0aD0iMSIgaGVpZ2h0PSIxIiB4bWxucz0iaHR0cDovL3d3dy53My5vcmcvMjAwMC9zdmciPjwvc3ZnPg==\" style=\"--smush-placeholder-width: 225px; --smush-placeholder-aspect-ratio: 225\/300;\" data-original-sizes=\"(max-width: 225px) 100vw, 225px\" \/><\/div>\n\t\t<\/a>\n\t\t\t\t<div class=\"elementor-post__text\">\n\t\t\t\t<h2 class=\"elementor-post__title\">\n\t\t\t<a href=\"https:\/\/academiajd.com\/pt\/inauguracion-academia-jd-en-pamplona\/\" >\n\t\t\t\tInauguraci\u00f3n Academia JD en Pamplona\t\t\t<\/a>\n\t\t<\/h2>\n\t\t\t\t<div class=\"elementor-post__meta-data\">\n\t\t\t\t\t<span class=\"elementor-post-date\">\n\t\t\t06\/06\/2024\t\t<\/span>\n\t\t\t\t<\/div>\n\t\t\t\t<div class=\"elementor-post__excerpt\">\n\t\t\t<p>Dada la creciente demanda de profesionales que se han trasladado a Madrid, nos complace anunciar la apertura de nuestra nueva academia en la zona norte de Espa\u00f1a, espec\u00edficamente en Pamplona. Esta nueva sede est\u00e1 destinada a atender tanto a profesionales como a particulares interesados en desempe\u00f1ar oficios generales de la<\/p>\n\t\t<\/div>\n\t\t\t\t\t<div class=\"elementor-post__read-more-wrapper\">\n\t\t\n\t\t<a class=\"elementor-post__read-more\" href=\"https:\/\/academiajd.com\/pt\/inauguracion-academia-jd-en-pamplona\/\" aria-label=\"Read more about Inauguraci\u00f3n Academia JD en Pamplona\" tabindex=\"-1\" >\n\t\t\tLEER M\u00c1S \u00bb\t\t<\/a>\n\n\t\t\t\t\t<\/div>\n\t\t\t\t<\/div>\n\t\t\t\t<\/article>\n\t\t\t\t<\/div>\n\t\t\n\t\t\t\t<div class=\"e-load-more-anchor\" data-page=\"1\" data-max-page=\"2\" data-next-page=\"https:\/\/academiajd.com\/pt\/wp-json\/wp\/v2\/pages\/1671\/page\/2\/\"><\/div>\n\t\t\t\t<nav class=\"elementor-pagination\" aria-label=\"Pagination\">\n\t\t\t<span class=\"page-numbers prev\">&laquo; Anterior<\/span>\n<span aria-current=\"page\" class=\"page-numbers current\"><span class=\"elementor-screen-only\">Page<\/span>1<\/span>\n<a class=\"page-numbers\" href=\"https:\/\/academiajd.com\/pt\/wp-json\/wp\/v2\/pages\/1671\/page\/2\/\"><span class=\"elementor-screen-only\">Page<\/span>2<\/a>\n<a class=\"page-numbers next\" href=\"https:\/\/academiajd.com\/pt\/wp-json\/wp\/v2\/pages\/1671\/page\/2\/\">Siguiente &raquo;<\/a>\t\t<\/nav>\n\t\t\t\t\t\t<\/div>\n\t\t\t\t<\/div>\n\t\t\t\t\t<\/div>\n\t\t\t\t<\/div>\n\t\t\t\t<\/div>","protected":false},"excerpt":{"rendered":"<p>Noticias Mantente al tanto de todas las noticias relevantes de Academia JD<\/p>","protected":false},"author":1,"featured_media":0,"parent":0,"menu_order":0,"comment_status":"closed","ping_status":"closed","template":"elementor_header_footer","meta":{"inline_featured_image":false,"footnotes":""},"class_list":["post-1671","page","type-page","status-publish","hentry"],"_links":{"self":[{"href":"https:\/\/academiajd.com\/pt\/wp-json\/wp\/v2\/pages\/1671","targetHints":{"allow":["GET"]}}],"collection":[{"href":"https:\/\/academiajd.com\/pt\/wp-json\/wp\/v2\/pages"}],"about":[{"href":"https:\/\/academiajd.com\/pt\/wp-json\/wp\/v2\/types\/page"}],"author":[{"embeddable":true,"href":"https:\/\/academiajd.com\/pt\/wp-json\/wp\/v2\/users\/1"}],"replies":[{"embeddable":true,"href":"https:\/\/academiajd.com\/pt\/wp-json\/wp\/v2\/comments?post=1671"}],"version-history":[{"count":0,"href":"https:\/\/academiajd.com\/pt\/wp-json\/wp\/v2\/pages\/1671\/revisions"}],"wp:attachment":[{"href":"https:\/\/academiajd.com\/pt\/wp-json\/wp\/v2\/media?parent=1671"}],"curies":[{"name":"wp","href":"https:\/\/api.w.org\/{rel}","templated":true}]}}