{"id":8768,"date":"2024-07-04T10:52:36","date_gmt":"2024-07-04T10:52:36","guid":{"rendered":"https:\/\/academiajd.com\/?post_type=product&#038;p=8768"},"modified":"2024-07-04T11:16:10","modified_gmt":"2024-07-04T11:16:10","slug":"curso-presencial-instalacion-de-puertas-correderas","status":"publish","type":"product","link":"https:\/\/academiajd.com\/en\/product\/curso-presencial-instalacion-de-puertas-correderas\/","title":{"rendered":"Curso Presencial: Instalaci\u00f3n de Puertas Correderas"},"content":{"rendered":"<p>El curso de Instalaci\u00f3n de Puertas Correderas est\u00e1 dise\u00f1ado para que aprendas a instalar estas puertas de manera eficiente y profesional. Las puertas correderas son una excelente soluci\u00f3n para optimizar el espacio y mejorar la est\u00e9tica de cualquier entorno. A lo largo del curso, te familiarizar\u00e1s con los diferentes tipos de puertas correderas, los sistemas de rieles y las t\u00e9cnicas de instalaci\u00f3n adecuadas. Te proporcionaremos tanto el conocimiento te\u00f3rico como las habilidades pr\u00e1cticas necesarias para llevar a cabo instalaciones precisas que maximicen la funcionalidad y el atractivo visual de los espacios.<\/p>","protected":false},"excerpt":{"rendered":"<p>El curso de Instalaci\u00f3n de Puertas Correderas est\u00e1 dise\u00f1ado para que aprendas a instalar estas puertas de manera eficiente y profesional. Las puertas correderas son una excelente soluci\u00f3n para optimizar el espacio y mejorar la est\u00e9tica de cualquier entorno. A lo largo del curso, te familiarizar\u00e1s con los diferentes tipos de puertas correderas, los sistemas de rieles y las t\u00e9cnicas de instalaci\u00f3n adecuadas. Te proporcionaremos tanto el conocimiento te\u00f3rico como las habilidades pr\u00e1cticas necesarias para llevar a cabo instalaciones precisas que maximicen la funcionalidad y el atractivo visual de los espacios.<\/p>","protected":false},"featured_media":8597,"comment_status":"open","ping_status":"closed","template":"","meta":{"inline_featured_image":false,"wds_primary_product_brand":0,"wds_primary_product_cat":0},"product_brand":[],"product_cat":[16],"product_tag":[],"class_list":{"0":"post-8768","1":"product","2":"type-product","3":"status-publish","4":"has-post-thumbnail","6":"product_cat-uncategorized","8":"first","9":"instock","10":"virtual","11":"taxable","12":"purchasable","13":"product-type-simple"},"_links":{"self":[{"href":"https:\/\/academiajd.com\/en\/wp-json\/wp\/v2\/product\/8768","targetHints":{"allow":["GET"]}}],"collection":[{"href":"https:\/\/academiajd.com\/en\/wp-json\/wp\/v2\/product"}],"about":[{"href":"https:\/\/academiajd.com\/en\/wp-json\/wp\/v2\/types\/product"}],"replies":[{"embeddable":true,"href":"https:\/\/academiajd.com\/en\/wp-json\/wp\/v2\/comments?post=8768"}],"wp:featuredmedia":[{"embeddable":true,"href":"https:\/\/academiajd.com\/en\/wp-json\/wp\/v2\/media\/8597"}],"wp:attachment":[{"href":"https:\/\/academiajd.com\/en\/wp-json\/wp\/v2\/media?parent=8768"}],"wp:term":[{"taxonomy":"product_brand","embeddable":true,"href":"https:\/\/academiajd.com\/en\/wp-json\/wp\/v2\/product_brand?post=8768"},{"taxonomy":"product_cat","embeddable":true,"href":"https:\/\/academiajd.com\/en\/wp-json\/wp\/v2\/product_cat?post=8768"},{"taxonomy":"product_tag","embeddable":true,"href":"https:\/\/academiajd.com\/en\/wp-json\/wp\/v2\/product_tag?post=8768"}],"curies":[{"name":"wp","href":"https:\/\/api.w.org\/{rel}","templated":true}]}}