{"id":8652,"date":"2024-07-03T16:16:53","date_gmt":"2024-07-03T16:16:53","guid":{"rendered":"https:\/\/academiajd.com\/?post_type=product&#038;p=8652"},"modified":"2024-10-28T02:13:19","modified_gmt":"2024-10-28T02:13:19","slug":"curso-presencial-instalacion-de-puertas-abatibles-producto","status":"publish","type":"product","link":"https:\/\/academiajd.com\/en\/product\/curso-presencial-instalacion-de-puertas-abatibles-producto\/","title":{"rendered":"Curso Presencial: Instalaci\u00f3n de Puertas Abatibles"},"content":{"rendered":"<p>El curso de Instalaci\u00f3n de Puertas Abatibles te ense\u00f1ar\u00e1 a instalar este tipo de puertas de manera profesional, garantizando precisi\u00f3n y seguridad en cada proyecto. Aprender\u00e1s sobre los diferentes tipos de puertas abatibles, los materiales m\u00e1s adecuados y las herramientas esenciales para la instalaci\u00f3n. Desde la preparaci\u00f3n del marco y la instalaci\u00f3n de las bisagras hasta el ajuste final, te proporcionaremos el conocimiento y las habilidades pr\u00e1cticas necesarias para realizar instalaciones impecables que mejoren tanto la funcionalidad como la est\u00e9tica de los espacios.<\/p>","protected":false},"excerpt":{"rendered":"<p>El curso de Instalaci\u00f3n de Puertas Abatibles te ense\u00f1ar\u00e1 a instalar este tipo de puertas de manera profesional, garantizando precisi\u00f3n y seguridad en cada proyecto. Aprender\u00e1s sobre los diferentes tipos de puertas abatibles, los materiales m\u00e1s adecuados y las herramientas esenciales para la instalaci\u00f3n. Desde la preparaci\u00f3n del marco y la instalaci\u00f3n de las bisagras hasta el ajuste final, te proporcionaremos el conocimiento y las habilidades pr\u00e1cticas necesarias para realizar instalaciones impecables que mejoren tanto la funcionalidad como la est\u00e9tica de los espacios.<\/p>","protected":false},"featured_media":8597,"comment_status":"open","ping_status":"closed","template":"","meta":{"inline_featured_image":false,"wds_primary_product_brand":0,"wds_primary_product_cat":0},"product_brand":[],"product_cat":[16],"product_tag":[],"class_list":{"0":"post-8652","1":"product","2":"type-product","3":"status-publish","4":"has-post-thumbnail","6":"product_cat-uncategorized","8":"first","9":"instock","10":"virtual","11":"taxable","12":"purchasable","13":"product-type-simple"},"_links":{"self":[{"href":"https:\/\/academiajd.com\/en\/wp-json\/wp\/v2\/product\/8652","targetHints":{"allow":["GET"]}}],"collection":[{"href":"https:\/\/academiajd.com\/en\/wp-json\/wp\/v2\/product"}],"about":[{"href":"https:\/\/academiajd.com\/en\/wp-json\/wp\/v2\/types\/product"}],"replies":[{"embeddable":true,"href":"https:\/\/academiajd.com\/en\/wp-json\/wp\/v2\/comments?post=8652"}],"wp:featuredmedia":[{"embeddable":true,"href":"https:\/\/academiajd.com\/en\/wp-json\/wp\/v2\/media\/8597"}],"wp:attachment":[{"href":"https:\/\/academiajd.com\/en\/wp-json\/wp\/v2\/media?parent=8652"}],"wp:term":[{"taxonomy":"product_brand","embeddable":true,"href":"https:\/\/academiajd.com\/en\/wp-json\/wp\/v2\/product_brand?post=8652"},{"taxonomy":"product_cat","embeddable":true,"href":"https:\/\/academiajd.com\/en\/wp-json\/wp\/v2\/product_cat?post=8652"},{"taxonomy":"product_tag","embeddable":true,"href":"https:\/\/academiajd.com\/en\/wp-json\/wp\/v2\/product_tag?post=8652"}],"curies":[{"name":"wp","href":"https:\/\/api.w.org\/{rel}","templated":true}]}}