{"id":8551,"date":"2024-07-01T14:09:26","date_gmt":"2024-07-01T14:09:26","guid":{"rendered":"https:\/\/academiajd.com\/?post_type=product&#038;p=8551"},"modified":"2024-07-21T17:11:21","modified_gmt":"2024-07-21T17:11:21","slug":"curso-online-creacion-de-armarios-bajos-y-de-pared-ii","status":"publish","type":"product","link":"https:\/\/academiajd.com\/en\/product\/curso-online-creacion-de-armarios-bajos-y-de-pared-ii\/","title":{"rendered":"Curso Presencial: Creaci\u00f3n de Armarios Bajos y de Pared II"},"content":{"rendered":"<p>En el Curso Avanzado de Creaci\u00f3n de Armarios Bajos y de Pared, llevar\u00e1s tus habilidades al siguiente nivel con pr\u00e1cticas y t\u00e9cnicas m\u00e1s complejas para la construcci\u00f3n de armarios personalizados. Este curso est\u00e1 dise\u00f1ado para aquellos que ya tienen experiencia b\u00e1sica en carpinter\u00eda y desean perfeccionar sus t\u00e9cnicas para crear armarios de alta calidad. Aprender\u00e1s m\u00e9todos avanzados de corte y uni\u00f3n, as\u00ed como la creaci\u00f3n de bastidores m\u00e1s resistentes y el montaje de componentes sofisticados. Guiado por instructores expertos, desarrollar\u00e1s la capacidad de dise\u00f1ar y construir armarios que no solo sean funcionales, sino tambi\u00e9n est\u00e9ticamente impresionantes.<\/p>","protected":false},"excerpt":{"rendered":"<p>En el Curso Avanzado de Creaci\u00f3n de Armarios Bajos y de Pared, llevar\u00e1s tus habilidades al siguiente nivel con pr\u00e1cticas y t\u00e9cnicas m\u00e1s complejas para la construcci\u00f3n de armarios personalizados. [&hellip;]<\/p>","protected":false},"featured_media":8552,"comment_status":"closed","ping_status":"closed","template":"","meta":{"inline_featured_image":false,"wds_primary_product_brand":0,"wds_primary_product_cat":0},"product_brand":[],"product_cat":[16],"product_tag":[],"class_list":{"0":"post-8551","1":"product","2":"type-product","3":"status-publish","4":"has-post-thumbnail","6":"product_cat-uncategorized","8":"first","9":"instock","10":"virtual","11":"taxable","12":"purchasable","13":"product-type-simple"},"_links":{"self":[{"href":"https:\/\/academiajd.com\/en\/wp-json\/wp\/v2\/product\/8551","targetHints":{"allow":["GET"]}}],"collection":[{"href":"https:\/\/academiajd.com\/en\/wp-json\/wp\/v2\/product"}],"about":[{"href":"https:\/\/academiajd.com\/en\/wp-json\/wp\/v2\/types\/product"}],"replies":[{"embeddable":true,"href":"https:\/\/academiajd.com\/en\/wp-json\/wp\/v2\/comments?post=8551"}],"wp:featuredmedia":[{"embeddable":true,"href":"https:\/\/academiajd.com\/en\/wp-json\/wp\/v2\/media\/8552"}],"wp:attachment":[{"href":"https:\/\/academiajd.com\/en\/wp-json\/wp\/v2\/media?parent=8551"}],"wp:term":[{"taxonomy":"product_brand","embeddable":true,"href":"https:\/\/academiajd.com\/en\/wp-json\/wp\/v2\/product_brand?post=8551"},{"taxonomy":"product_cat","embeddable":true,"href":"https:\/\/academiajd.com\/en\/wp-json\/wp\/v2\/product_cat?post=8551"},{"taxonomy":"product_tag","embeddable":true,"href":"https:\/\/academiajd.com\/en\/wp-json\/wp\/v2\/product_tag?post=8551"}],"curies":[{"name":"wp","href":"https:\/\/api.w.org\/{rel}","templated":true}]}}