{"id":8226,"date":"2024-06-13T19:03:30","date_gmt":"2024-06-13T19:03:30","guid":{"rendered":"https:\/\/academiajd.com\/?post_type=product&#038;p=8226"},"modified":"2024-11-06T07:22:22","modified_gmt":"2024-11-06T07:22:22","slug":"curso-presencial-instalacion-de-murales-de-television-con-placas-decorativas-2-dias","status":"publish","type":"product","link":"https:\/\/academiajd.com\/en\/product\/curso-presencial-instalacion-de-murales-de-television-con-placas-decorativas-2-dias\/","title":{"rendered":"Curso Presencial: Instalaci\u00f3n de Murales de Televisi\u00f3n con Placas Decorativas \u2013 2 D\u00edas"},"content":{"rendered":"<p><span style=\"color: #ff0000;\"><strong>Llama directamente o env\u00eda un WhatsApp para conocer las promociones y descuentos disponibles.<\/strong><\/span><\/p>\n<p><strong>Descripci\u00f3n:<\/strong><\/p>\n<p>Te ofrecemos una formaci\u00f3n intensiva de dos d\u00edas donde aprender\u00e1s a montar murales de televisi\u00f3n utilizando placas decorativas. Este curso est\u00e1 dise\u00f1ado para proporcionarte una experiencia pr\u00e1ctica completa, desde el corte y plegado del material hasta la instalaci\u00f3n de sistemas de iluminaci\u00f3n y dom\u00f3tica. Con la gu\u00eda de nuestros expertos t\u00e9cnicos, adquirir\u00e1s las habilidades necesarias para realizar proyectos de alta calidad y con acabados profesionales.<\/p>\n<p>Durante el curso, aprender\u00e1s t\u00e9cnicas avanzadas de corte y terminaciones con fresadoras o routers. Tambi\u00e9n te ense\u00f1aremos c\u00f3mo conectar y soldar las luces, asegurando una instalaci\u00f3n segura y est\u00e9tica. Adem\u00e1s, exploraremos la integraci\u00f3n de sistemas de dom\u00f3tica, permiti\u00e9ndote controlar el mural de televisi\u00f3n mediante mando a distancia o computadora. No solo mejorar\u00e1s tus habilidades t\u00e9cnicas, sino que tambi\u00e9n estar\u00e1s preparado para ofrecer soluciones innovadoras y personalizadas a tus clientes.<\/p>\n<p><strong>A qui\u00e9n est\u00e1 dirigido:<\/strong><\/p>\n<ul>\n<li>Instaladores y t\u00e9cnicos del sector de la construcci\u00f3n<\/li>\n<li>Arquitectos y decoradores interesados en ampliar sus conocimientos<\/li>\n<li>Profesionales que desean ofrecer nuevas soluciones decorativas a sus clientes<\/li>\n<\/ul>\n<p><strong>Por qu\u00e9 apuntarse:<\/strong><\/p>\n<ul>\n<li>Adquiere habilidades pr\u00e1cticas y t\u00e9cnicas con expertos en el campo<\/li>\n<li>Obt\u00e9n un conocimiento profundo del producto y sus aplicaciones<\/li>\n<li>Aumenta tu competitividad en el mercado con un t\u00edtulo de formaci\u00f3n reconocido<\/li>\n<\/ul>\n<p><strong>Horarios:<\/strong><\/p>\n<ul>\n<li>9:00 a 14:00<\/li>\n<li>Pausa para almorzar<\/li>\n<li>15:00 a 18:00<\/li>\n<\/ul>\n<p><strong>Beneficios:<\/strong><\/p>\n<ol>\n<li>Recibir\u00e1s una caja de muestras para mostrar a futuros clientes, arquitectos o decoradores.<\/li>\n<li>Obtendr\u00e1s un t\u00edtulo de formaci\u00f3n de nuestra academia.<\/li>\n<\/ol>\n<p>\u00a1Inscr\u00edbete y adquiere las habilidades necesarias para destacar en el uso de placas decorativas!<\/p>","protected":false},"excerpt":{"rendered":"<h2><span style=\"color: #b78f40;\"><strong>PR\u00d3XIMA FECHA: 21 Y 22 DE JUNIO<\/strong><\/span><\/h2>\n<p><span style=\"color: #ff0000;\"><strong>Llama directamente o env\u00eda un WhatsApp para conocer las promociones y descuentos disponibles.<\/strong><\/span><\/p>\n<p>Te ofrecemos una formaci\u00f3n intensiva de dos d\u00edas donde aprender\u00e1s a montar murales de televisi\u00f3n utilizando placas decorativas. Este curso est\u00e1 dise\u00f1ado para proporcionarte una experiencia pr\u00e1ctica completa, desde el corte y plegado del material hasta la instalaci\u00f3n de sistemas de iluminaci\u00f3n y dom\u00f3tica. Con la gu\u00eda de nuestros expertos t\u00e9cnicos, adquirir\u00e1s las habilidades necesarias para realizar proyectos de alta calidad y con acabados profesionales.<\/p>\n<p>Durante el curso, aprender\u00e1s t\u00e9cnicas avanzadas de corte y terminaciones con fresadoras o routers. Tambi\u00e9n te ense\u00f1aremos c\u00f3mo conectar y soldar las luces, asegurando una instalaci\u00f3n segura y est\u00e9tica. Adem\u00e1s, exploraremos la integraci\u00f3n de sistemas de dom\u00f3tica, permiti\u00e9ndote controlar el mural de televisi\u00f3n mediante mando a distancia o computadora. No solo mejorar\u00e1s tus habilidades t\u00e9cnicas, sino que tambi\u00e9n estar\u00e1s preparado para ofrecer soluciones innovadoras y personalizadas a tus clientes.<\/p>","protected":false},"featured_media":8227,"comment_status":"open","ping_status":"closed","template":"","meta":{"inline_featured_image":false,"wds_primary_product_brand":0,"wds_primary_product_cat":0},"product_brand":[],"product_cat":[16],"product_tag":[],"class_list":{"0":"post-8226","1":"product","2":"type-product","3":"status-publish","4":"has-post-thumbnail","6":"product_cat-uncategorized","8":"first","9":"instock","10":"virtual","11":"taxable","12":"purchasable","13":"product-type-simple"},"_links":{"self":[{"href":"https:\/\/academiajd.com\/en\/wp-json\/wp\/v2\/product\/8226","targetHints":{"allow":["GET"]}}],"collection":[{"href":"https:\/\/academiajd.com\/en\/wp-json\/wp\/v2\/product"}],"about":[{"href":"https:\/\/academiajd.com\/en\/wp-json\/wp\/v2\/types\/product"}],"replies":[{"embeddable":true,"href":"https:\/\/academiajd.com\/en\/wp-json\/wp\/v2\/comments?post=8226"}],"wp:featuredmedia":[{"embeddable":true,"href":"https:\/\/academiajd.com\/en\/wp-json\/wp\/v2\/media\/8227"}],"wp:attachment":[{"href":"https:\/\/academiajd.com\/en\/wp-json\/wp\/v2\/media?parent=8226"}],"wp:term":[{"taxonomy":"product_brand","embeddable":true,"href":"https:\/\/academiajd.com\/en\/wp-json\/wp\/v2\/product_brand?post=8226"},{"taxonomy":"product_cat","embeddable":true,"href":"https:\/\/academiajd.com\/en\/wp-json\/wp\/v2\/product_cat?post=8226"},{"taxonomy":"product_tag","embeddable":true,"href":"https:\/\/academiajd.com\/en\/wp-json\/wp\/v2\/product_tag?post=8226"}],"curies":[{"name":"wp","href":"https:\/\/api.w.org\/{rel}","templated":true}]}}