{"id":8220,"date":"2024-06-13T18:50:06","date_gmt":"2024-06-13T18:50:06","guid":{"rendered":"https:\/\/academiajd.com\/?post_type=product&#038;p=8220"},"modified":"2024-07-19T10:28:07","modified_gmt":"2024-07-19T10:28:07","slug":"curso-presencial-montaje-de-lavabos-con-placas-decorativas-2-dias-compra","status":"publish","type":"product","link":"https:\/\/academiajd.com\/en\/product\/curso-presencial-montaje-de-lavabos-con-placas-decorativas-2-dias-compra\/","title":{"rendered":"Curso Presencial: Montaje de Lavabos con Placas Decorativas \u2013 2 D\u00edas"},"content":{"rendered":"<p><span style=\"color: #ff0000;\"><strong>Llama directamente o env\u00eda un WhatsApp para conocer las promociones y descuentos disponibles.<\/strong><\/span><\/p>\n<p><strong>Descripci\u00f3n:<\/strong><\/p>\n<p>Este curso intensivo de dos d\u00edas en nuestra academia te ofrece una formaci\u00f3n pr\u00e1ctica al 100%, donde aprender\u00e1s a montar lavabos de pie o lavabos normales utilizando placas decorativas. Guiado por nuestros expertos t\u00e9cnicos, te sumergir\u00e1s en t\u00e9cnicas avanzadas de corte, ingleteado y montaje, asegurando que salgas de la academia con las habilidades necesarias para llevar a cabo proyectos de alta calidad.<\/p>\n<p>Trabajar\u00e1s en un proyecto pr\u00e1ctico de montaje de lavamanos,\u00a0<strong>valorado en m\u00e1s de 1200\u20ac, el cual podr\u00e1s llevarte al finalizar el curso<\/strong>. Adem\u00e1s, tendr\u00e1s la oportunidad de elegir la placa decorativa que mejor se adapte a tu proyecto, aprendiendo a personalizar y adaptar los materiales seg\u00fan las necesidades espec\u00edficas de tus clientes.<\/p>\n<p>Este curso est\u00e1 dise\u00f1ado para profesionales del sector de la construcci\u00f3n, instaladores, decoradores y dise\u00f1adores de interiores que deseen especializarse en la instalaci\u00f3n de lavabos con placas decorativas. La formaci\u00f3n incluye todas las t\u00e9cnicas necesarias para garantizar acabados impecables y duraderos, as\u00ed como la posibilidad de trabajar en proyectos a medida.<\/p>\n<p><strong>A qui\u00e9n est\u00e1 dirigido:<\/strong><strong><br \/>\n<\/strong><\/p>\n<ul>\n<li>Instaladores y t\u00e9cnicos del sector de la construcci\u00f3n<\/li>\n<li>Arquitectos y decoradores interesados en ampliar sus conocimientos<\/li>\n<li>Profesionales que desean ofrecer nuevas soluciones decorativas a sus clientes<\/li>\n<\/ul>\n<p><strong>Por qu\u00e9 apuntarse:<\/strong><\/p>\n<ul>\n<li>Adquiere habilidades pr\u00e1cticas y t\u00e9cnicas con expertos en el campo<\/li>\n<li>Obt\u00e9n un conocimiento profundo del producto y sus aplicaciones<\/li>\n<li>Aumenta tu competitividad en el mercado con un t\u00edtulo de formaci\u00f3n reconocido<\/li>\n<li><\/li>\n<\/ul>\n<p><strong>Horarios:<\/strong><\/p>\n<ul>\n<li>9:00 a 14:00<\/li>\n<li>Pausa para almorzar<\/li>\n<li>15:00 a 18:00<\/li>\n<\/ul>\n<p><strong>Beneficios:<\/strong><\/p>\n<ol>\n<li>Te llevar\u00e1s el proyecto terminado de lavamanos, valorado en m\u00e1s de 1.200\u20ac<\/li>\n<li>Recibir\u00e1s una caja de muestras para mostrar a futuros clientes, arquitectos o decoradores.<\/li>\n<li>Obtendr\u00e1s un t\u00edtulo de formaci\u00f3n de nuestra academia.<\/li>\n<\/ol>\n<p>\u00a1Inscr\u00edbete y adquiere las habilidades necesarias para destacar en el uso de placas decorativas!<\/p>","protected":false},"excerpt":{"rendered":"<h2><span style=\"color: #b78f40;\"><strong>PR\u00d3XIMA FECHA: 22 Y 23 DE JUNIO<\/strong><\/span><\/h2>\n<p><span style=\"color: #ff0000;\"><strong>Llama directamente o env\u00eda un WhatsApp para conocer las promociones y descuentos disponibles.<\/strong><\/span><\/p>\n<p>Este curso intensivo de dos d\u00edas en nuestra academia te ofrece una formaci\u00f3n pr\u00e1ctica al 100%, donde aprender\u00e1s a montar lavabos de pie o lavabos normales utilizando placas decorativas. Guiado por nuestros expertos t\u00e9cnicos, te sumergir\u00e1s en t\u00e9cnicas avanzadas de corte, ingleteado y montaje, asegurando que salgas de la academia con las habilidades necesarias para llevar a cabo proyectos de alta calidad.<\/p>\n<p>Trabajar\u00e1s en un proyecto pr\u00e1ctico de montaje de lavamanos, valorado en m\u00e1s de 1200\u20ac, el cual podr\u00e1s llevarte al finalizar el curso. Adem\u00e1s, tendr\u00e1s la oportunidad de elegir la placa decorativa que mejor se adapte a tu proyecto, aprendiendo a personalizar y adaptar los materiales seg\u00fan las necesidades espec\u00edficas de tus clientes.<\/p>\n<p>Este curso est\u00e1 dise\u00f1ado para profesionales del sector de la construcci\u00f3n, instaladores, decoradores y dise\u00f1adores de interiores que deseen especializarse en la instalaci\u00f3n de lavabos con placas decorativas. La formaci\u00f3n incluye todas las t\u00e9cnicas necesarias para garantizar acabados impecables y duraderos, as\u00ed como la posibilidad de trabajar en proyectos a medida.<\/p>","protected":false},"featured_media":8221,"comment_status":"open","ping_status":"closed","template":"","meta":{"inline_featured_image":false,"wds_primary_product_brand":0,"wds_primary_product_cat":0},"product_brand":[],"product_cat":[16],"product_tag":[],"class_list":{"0":"post-8220","1":"product","2":"type-product","3":"status-publish","4":"has-post-thumbnail","6":"product_cat-uncategorized","8":"first","9":"instock","10":"virtual","11":"taxable","12":"purchasable","13":"product-type-simple"},"_links":{"self":[{"href":"https:\/\/academiajd.com\/en\/wp-json\/wp\/v2\/product\/8220","targetHints":{"allow":["GET"]}}],"collection":[{"href":"https:\/\/academiajd.com\/en\/wp-json\/wp\/v2\/product"}],"about":[{"href":"https:\/\/academiajd.com\/en\/wp-json\/wp\/v2\/types\/product"}],"replies":[{"embeddable":true,"href":"https:\/\/academiajd.com\/en\/wp-json\/wp\/v2\/comments?post=8220"}],"wp:featuredmedia":[{"embeddable":true,"href":"https:\/\/academiajd.com\/en\/wp-json\/wp\/v2\/media\/8221"}],"wp:attachment":[{"href":"https:\/\/academiajd.com\/en\/wp-json\/wp\/v2\/media?parent=8220"}],"wp:term":[{"taxonomy":"product_brand","embeddable":true,"href":"https:\/\/academiajd.com\/en\/wp-json\/wp\/v2\/product_brand?post=8220"},{"taxonomy":"product_cat","embeddable":true,"href":"https:\/\/academiajd.com\/en\/wp-json\/wp\/v2\/product_cat?post=8220"},{"taxonomy":"product_tag","embeddable":true,"href":"https:\/\/academiajd.com\/en\/wp-json\/wp\/v2\/product_tag?post=8220"}],"curies":[{"name":"wp","href":"https:\/\/api.w.org\/{rel}","templated":true}]}}