{"id":7739,"date":"2024-05-20T11:43:15","date_gmt":"2024-05-20T11:43:15","guid":{"rendered":"https:\/\/academiajd.com\/?page_id=7739"},"modified":"2024-07-01T09:50:17","modified_gmt":"2024-07-01T09:50:17","slug":"instalaciones","status":"publish","type":"page","link":"https:\/\/academiajd.com\/en\/instalaciones\/","title":{"rendered":"Instalaciones"},"content":{"rendered":"<div data-elementor-type=\"wp-page\" data-elementor-id=\"7739\" class=\"elementor elementor-7739\" data-elementor-post-type=\"page\">\n\t\t\t\t\t\t<section class=\"elementor-section elementor-top-section elementor-element elementor-element-063df06 elementor-section-boxed elementor-section-height-default elementor-section-height-default\" data-id=\"063df06\" data-element_type=\"section\" data-e-type=\"section\" data-settings=\"{&quot;background_background&quot;:&quot;classic&quot;}\">\n\t\t\t\t\t\t\t<div class=\"elementor-background-overlay\"><\/div>\n\t\t\t\t\t\t\t<div class=\"elementor-container elementor-column-gap-default\">\n\t\t\t\t\t<div class=\"elementor-column elementor-col-100 elementor-top-column elementor-element elementor-element-101ba38\" data-id=\"101ba38\" data-element_type=\"column\" data-e-type=\"column\">\n\t\t\t<div class=\"elementor-widget-wrap elementor-element-populated\">\n\t\t\t\t\t\t<div class=\"elementor-element elementor-element-cacd81b elementor-widget elementor-widget-heading\" data-id=\"cacd81b\" data-element_type=\"widget\" data-e-type=\"widget\" data-widget_type=\"heading.default\">\n\t\t\t\t<div class=\"elementor-widget-container\">\n\t\t\t\t\t<h2 class=\"elementor-heading-title elementor-size-default\">Nuestras instalaciones<\/h2>\t\t\t\t<\/div>\n\t\t\t\t<\/div>\n\t\t\t\t<div class=\"elementor-element elementor-element-a506f6f elementor-widget elementor-widget-text-editor\" data-id=\"a506f6f\" data-element_type=\"widget\" data-e-type=\"widget\" data-widget_type=\"text-editor.default\">\n\t\t\t\t<div class=\"elementor-widget-container\">\n\t\t\t\t\t\t\t\t\t<p>Un entorno dise\u00f1ado para tu aprendizaje y crecimiento.<\/p>\t\t\t\t\t\t\t\t<\/div>\n\t\t\t\t<\/div>\n\t\t\t\t\t<\/div>\n\t\t<\/div>\n\t\t\t\t\t<\/div>\n\t\t<\/section>\n\t\t\t\t<section class=\"elementor-section elementor-top-section elementor-element elementor-element-668f7c88 elementor-section-boxed elementor-section-height-default elementor-section-height-default\" data-id=\"668f7c88\" data-element_type=\"section\" data-e-type=\"section\">\n\t\t\t\t\t\t<div class=\"elementor-container elementor-column-gap-default\">\n\t\t\t\t\t<div class=\"elementor-column elementor-col-100 elementor-top-column elementor-element elementor-element-62e37b2c\" data-id=\"62e37b2c\" data-element_type=\"column\" data-e-type=\"column\">\n\t\t\t<div class=\"elementor-widget-wrap elementor-element-populated\">\n\t\t\t\t\t\t<div class=\"elementor-element elementor-element-a47ba9a elementor-widget elementor-widget-text-editor\" data-id=\"a47ba9a\" data-element_type=\"widget\" data-e-type=\"widget\" data-widget_type=\"text-editor.default\">\n\t\t\t\t<div class=\"elementor-widget-container\">\n\t\t\t\t\t\t\t\t\t<p>Nuestras instalaciones est\u00e1n cuidadosamente dise\u00f1adas para ofrecerte un ambiente de aprendizaje c\u00f3modo y funcional. Contamos con aulas equipadas con herramientas y materiales de alta calidad, donde podr\u00e1s practicar y perfeccionar tus habilidades en carpinter\u00eda y placas decorativas. Cada espacio est\u00e1 pensado para maximizar tu experiencia educativa, brind\u00e1ndote todo lo necesario para desarrollar tus proyectos de manera eficiente y profesional.<\/p><p>Adem\u00e1s, nuestras instalaciones incluyen \u00e1reas comunes donde podr\u00e1s interactuar y compartir ideas con otros estudiantes y profesionales del sector. Este entorno colaborativo fomenta el intercambio de conocimientos y experiencias, enriqueciendo tu proceso de aprendizaje. Estamos comprometidos en proporcionarte un espacio inspirador y bien equipado que apoye tu crecimiento personal y profesional.<\/p>\t\t\t\t\t\t\t\t<\/div>\n\t\t\t\t<\/div>\n\t\t\t\t\t<\/div>\n\t\t<\/div>\n\t\t\t\t\t<\/div>\n\t\t<\/section>\n\t\t\t\t<section class=\"elementor-section elementor-top-section elementor-element elementor-element-25e8ec4 elementor-section-boxed elementor-section-height-default elementor-section-height-default\" data-id=\"25e8ec4\" data-element_type=\"section\" data-e-type=\"section\">\n\t\t\t\t\t\t<div class=\"elementor-container elementor-column-gap-default\">\n\t\t\t\t\t<div class=\"elementor-column elementor-col-100 elementor-top-column elementor-element elementor-element-024ba13\" data-id=\"024ba13\" data-element_type=\"column\" data-e-type=\"column\">\n\t\t\t<div class=\"elementor-widget-wrap elementor-element-populated\">\n\t\t\t\t\t\t<div class=\"elementor-element elementor-element-c010a3c elementor-widget elementor-widget-gallery\" data-id=\"c010a3c\" data-element_type=\"widget\" data-e-type=\"widget\" data-settings=\"{&quot;lazyload&quot;:&quot;yes&quot;,&quot;gallery_layout&quot;:&quot;grid&quot;,&quot;columns&quot;:4,&quot;columns_tablet&quot;:2,&quot;columns_mobile&quot;:1,&quot;gap&quot;:{&quot;unit&quot;:&quot;px&quot;,&quot;size&quot;:10,&quot;sizes&quot;:[]},&quot;gap_tablet&quot;:{&quot;unit&quot;:&quot;px&quot;,&quot;size&quot;:10,&quot;sizes&quot;:[]},&quot;gap_mobile&quot;:{&quot;unit&quot;:&quot;px&quot;,&quot;size&quot;:10,&quot;sizes&quot;:[]},&quot;link_to&quot;:&quot;file&quot;,&quot;aspect_ratio&quot;:&quot;3:2&quot;,&quot;overlay_background&quot;:&quot;yes&quot;,&quot;content_hover_animation&quot;:&quot;fade-in&quot;}\" data-widget_type=\"gallery.default\">\n\t\t\t\t<div class=\"elementor-widget-container\">\n\t\t\t\t\t\t\t<div class=\"elementor-gallery__container\">\n\t\t\t\t\t\t\t<a class=\"e-gallery-item elementor-gallery-item elementor-animated-content\" href=\"https:\/\/academiajd.com\/wp-content\/uploads\/2024\/05\/IMG_8100-scaled.webp\" data-elementor-open-lightbox=\"yes\" data-elementor-lightbox-slideshow=\"c010a3c\" data-elementor-lightbox-title=\"IMG_8100\" data-e-action-hash=\"#elementor-action%3Aaction%3Dlightbox%26settings%3DeyJpZCI6ODAxMywidXJsIjoiaHR0cHM6XC9cL2FjYWRlbWlhamQuY29tXC93cC1jb250ZW50XC91cGxvYWRzXC8yMDI0XC8wNVwvSU1HXzgxMDAtc2NhbGVkLndlYnAiLCJzbGlkZXNob3ciOiJjMDEwYTNjIn0%3D\">\n\t\t\t\t\t<div class=\"e-gallery-image elementor-gallery-item__image\" data-thumbnail=\"https:\/\/academiajd.com\/wp-content\/uploads\/2024\/05\/IMG_8100-225x300.webp\" data-width=\"225\" data-height=\"300\" aria-label=\"\" role=\"img\" ><\/div>\n\t\t\t\t\t\t\t\t\t\t\t<div class=\"elementor-gallery-item__overlay\"><\/div>\n\t\t\t\t\t\t\t\t\t\t\t\t\t\t<\/a>\n\t\t\t\t\t\t\t<a class=\"e-gallery-item elementor-gallery-item elementor-animated-content\" href=\"https:\/\/academiajd.com\/wp-content\/uploads\/2024\/05\/IMG-20240308-WA0005.jpg\" data-elementor-open-lightbox=\"yes\" data-elementor-lightbox-slideshow=\"c010a3c\" data-elementor-lightbox-title=\"IMG-20240308-WA0005\" data-e-action-hash=\"#elementor-action%3Aaction%3Dlightbox%26settings%3DeyJpZCI6ODAxNCwidXJsIjoiaHR0cHM6XC9cL2FjYWRlbWlhamQuY29tXC93cC1jb250ZW50XC91cGxvYWRzXC8yMDI0XC8wNVwvSU1HLTIwMjQwMzA4LVdBMDAwNS5qcGciLCJzbGlkZXNob3ciOiJjMDEwYTNjIn0%3D\">\n\t\t\t\t\t<div class=\"e-gallery-image elementor-gallery-item__image\" data-thumbnail=\"https:\/\/academiajd.com\/wp-content\/uploads\/2024\/05\/IMG-20240308-WA0005-300x225.jpg\" data-width=\"300\" data-height=\"225\" aria-label=\"\" role=\"img\" ><\/div>\n\t\t\t\t\t\t\t\t\t\t\t<div class=\"elementor-gallery-item__overlay\"><\/div>\n\t\t\t\t\t\t\t\t\t\t\t\t\t\t<\/a>\n\t\t\t\t\t\t\t<a class=\"e-gallery-item elementor-gallery-item elementor-animated-content\" href=\"https:\/\/academiajd.com\/wp-content\/uploads\/2024\/05\/IMG-20240308-WA0007.jpg\" data-elementor-open-lightbox=\"yes\" data-elementor-lightbox-slideshow=\"c010a3c\" data-elementor-lightbox-title=\"IMG-20240308-WA0007\" data-e-action-hash=\"#elementor-action%3Aaction%3Dlightbox%26settings%3DeyJpZCI6ODAxNSwidXJsIjoiaHR0cHM6XC9cL2FjYWRlbWlhamQuY29tXC93cC1jb250ZW50XC91cGxvYWRzXC8yMDI0XC8wNVwvSU1HLTIwMjQwMzA4LVdBMDAwNy5qcGciLCJzbGlkZXNob3ciOiJjMDEwYTNjIn0%3D\">\n\t\t\t\t\t<div class=\"e-gallery-image elementor-gallery-item__image\" data-thumbnail=\"https:\/\/academiajd.com\/wp-content\/uploads\/2024\/05\/IMG-20240308-WA0007-225x300.jpg\" data-width=\"225\" data-height=\"300\" aria-label=\"\" role=\"img\" ><\/div>\n\t\t\t\t\t\t\t\t\t\t\t<div class=\"elementor-gallery-item__overlay\"><\/div>\n\t\t\t\t\t\t\t\t\t\t\t\t\t\t<\/a>\n\t\t\t\t\t\t\t<a class=\"e-gallery-item elementor-gallery-item elementor-animated-content\" href=\"https:\/\/academiajd.com\/wp-content\/uploads\/2024\/05\/IMG-20240308-WA0008.jpg\" data-elementor-open-lightbox=\"yes\" data-elementor-lightbox-slideshow=\"c010a3c\" data-elementor-lightbox-title=\"IMG-20240308-WA0008\" data-e-action-hash=\"#elementor-action%3Aaction%3Dlightbox%26settings%3DeyJpZCI6ODAxNiwidXJsIjoiaHR0cHM6XC9cL2FjYWRlbWlhamQuY29tXC93cC1jb250ZW50XC91cGxvYWRzXC8yMDI0XC8wNVwvSU1HLTIwMjQwMzA4LVdBMDAwOC5qcGciLCJzbGlkZXNob3ciOiJjMDEwYTNjIn0%3D\">\n\t\t\t\t\t<div class=\"e-gallery-image elementor-gallery-item__image\" data-thumbnail=\"https:\/\/academiajd.com\/wp-content\/uploads\/2024\/05\/IMG-20240308-WA0008-225x300.jpg\" data-width=\"225\" data-height=\"300\" aria-label=\"\" role=\"img\" ><\/div>\n\t\t\t\t\t\t\t\t\t\t\t<div class=\"elementor-gallery-item__overlay\"><\/div>\n\t\t\t\t\t\t\t\t\t\t\t\t\t\t<\/a>\n\t\t\t\t\t\t\t<a class=\"e-gallery-item elementor-gallery-item elementor-animated-content\" href=\"https:\/\/academiajd.com\/wp-content\/uploads\/2024\/05\/5EB91482-80BF-424A-8BBE-158CA1A46005-1.jpg\" data-elementor-open-lightbox=\"yes\" data-elementor-lightbox-slideshow=\"c010a3c\" data-elementor-lightbox-title=\"5EB91482-80BF-424A-8BBE-158CA1A46005\" data-e-action-hash=\"#elementor-action%3Aaction%3Dlightbox%26settings%3DeyJpZCI6ODAxNywidXJsIjoiaHR0cHM6XC9cL2FjYWRlbWlhamQuY29tXC93cC1jb250ZW50XC91cGxvYWRzXC8yMDI0XC8wNVwvNUVCOTE0ODItODBCRi00MjRBLThCQkUtMTU4Q0ExQTQ2MDA1LTEuanBnIiwic2xpZGVzaG93IjoiYzAxMGEzYyJ9\">\n\t\t\t\t\t<div class=\"e-gallery-image elementor-gallery-item__image\" data-thumbnail=\"https:\/\/academiajd.com\/wp-content\/uploads\/2024\/05\/5EB91482-80BF-424A-8BBE-158CA1A46005-1-300x225.jpg\" data-width=\"300\" data-height=\"225\" aria-label=\"\" role=\"img\" ><\/div>\n\t\t\t\t\t\t\t\t\t\t\t<div class=\"elementor-gallery-item__overlay\"><\/div>\n\t\t\t\t\t\t\t\t\t\t\t\t\t\t<\/a>\n\t\t\t\t\t\t\t<a class=\"e-gallery-item elementor-gallery-item elementor-animated-content\" href=\"https:\/\/academiajd.com\/wp-content\/uploads\/2024\/05\/59AA0B55-1CD2-4954-BB74-875906A28FE8.jpg\" data-elementor-open-lightbox=\"yes\" data-elementor-lightbox-slideshow=\"c010a3c\" data-elementor-lightbox-title=\"59AA0B55-1CD2-4954-BB74-875906A28FE8\" data-e-action-hash=\"#elementor-action%3Aaction%3Dlightbox%26settings%3DeyJpZCI6ODAxOCwidXJsIjoiaHR0cHM6XC9cL2FjYWRlbWlhamQuY29tXC93cC1jb250ZW50XC91cGxvYWRzXC8yMDI0XC8wNVwvNTlBQTBCNTUtMUNEMi00OTU0LUJCNzQtODc1OTA2QTI4RkU4LmpwZyIsInNsaWRlc2hvdyI6ImMwMTBhM2MifQ%3D%3D\">\n\t\t\t\t\t<div class=\"e-gallery-image elementor-gallery-item__image\" data-thumbnail=\"https:\/\/academiajd.com\/wp-content\/uploads\/2024\/05\/59AA0B55-1CD2-4954-BB74-875906A28FE8-300x225.jpg\" data-width=\"300\" data-height=\"225\" aria-label=\"\" role=\"img\" ><\/div>\n\t\t\t\t\t\t\t\t\t\t\t<div class=\"elementor-gallery-item__overlay\"><\/div>\n\t\t\t\t\t\t\t\t\t\t\t\t\t\t<\/a>\n\t\t\t\t\t\t\t<a class=\"e-gallery-item elementor-gallery-item elementor-animated-content\" href=\"https:\/\/academiajd.com\/wp-content\/uploads\/2024\/05\/64C27A1A-6C6F-440C-A0BB-7EED573E6F7C.jpg\" data-elementor-open-lightbox=\"yes\" data-elementor-lightbox-slideshow=\"c010a3c\" data-elementor-lightbox-title=\"64C27A1A-6C6F-440C-A0BB-7EED573E6F7C\" data-e-action-hash=\"#elementor-action%3Aaction%3Dlightbox%26settings%3DeyJpZCI6ODAxOSwidXJsIjoiaHR0cHM6XC9cL2FjYWRlbWlhamQuY29tXC93cC1jb250ZW50XC91cGxvYWRzXC8yMDI0XC8wNVwvNjRDMjdBMUEtNkM2Ri00NDBDLUEwQkItN0VFRDU3M0U2RjdDLmpwZyIsInNsaWRlc2hvdyI6ImMwMTBhM2MifQ%3D%3D\">\n\t\t\t\t\t<div class=\"e-gallery-image elementor-gallery-item__image\" data-thumbnail=\"https:\/\/academiajd.com\/wp-content\/uploads\/2024\/05\/64C27A1A-6C6F-440C-A0BB-7EED573E6F7C-300x225.jpg\" data-width=\"300\" data-height=\"225\" aria-label=\"\" role=\"img\" ><\/div>\n\t\t\t\t\t\t\t\t\t\t\t<div class=\"elementor-gallery-item__overlay\"><\/div>\n\t\t\t\t\t\t\t\t\t\t\t\t\t\t<\/a>\n\t\t\t\t\t\t\t<a class=\"e-gallery-item elementor-gallery-item elementor-animated-content\" href=\"https:\/\/academiajd.com\/wp-content\/uploads\/2024\/05\/B60A9FF3-48F8-4EDE-8A5A-0FF0DC9B16B4.jpg\" data-elementor-open-lightbox=\"yes\" data-elementor-lightbox-slideshow=\"c010a3c\" data-elementor-lightbox-title=\"B60A9FF3-48F8-4EDE-8A5A-0FF0DC9B16B4\" data-e-action-hash=\"#elementor-action%3Aaction%3Dlightbox%26settings%3DeyJpZCI6ODAyMCwidXJsIjoiaHR0cHM6XC9cL2FjYWRlbWlhamQuY29tXC93cC1jb250ZW50XC91cGxvYWRzXC8yMDI0XC8wNVwvQjYwQTlGRjMtNDhGOC00RURFLThBNUEtMEZGMERDOUIxNkI0LmpwZyIsInNsaWRlc2hvdyI6ImMwMTBhM2MifQ%3D%3D\">\n\t\t\t\t\t<div class=\"e-gallery-image elementor-gallery-item__image\" data-thumbnail=\"https:\/\/academiajd.com\/wp-content\/uploads\/2024\/05\/B60A9FF3-48F8-4EDE-8A5A-0FF0DC9B16B4-300x225.jpg\" data-width=\"300\" data-height=\"225\" aria-label=\"\" role=\"img\" ><\/div>\n\t\t\t\t\t\t\t\t\t\t\t<div class=\"elementor-gallery-item__overlay\"><\/div>\n\t\t\t\t\t\t\t\t\t\t\t\t\t\t<\/a>\n\t\t\t\t\t\t\t<a class=\"e-gallery-item elementor-gallery-item elementor-animated-content\" href=\"https:\/\/academiajd.com\/wp-content\/uploads\/2024\/05\/C6B41AA5-B379-4225-8D33-856A3504A047-1.jpg\" data-elementor-open-lightbox=\"yes\" data-elementor-lightbox-slideshow=\"c010a3c\" data-elementor-lightbox-title=\"C6B41AA5-B379-4225-8D33-856A3504A047\" data-e-action-hash=\"#elementor-action%3Aaction%3Dlightbox%26settings%3DeyJpZCI6ODAyMSwidXJsIjoiaHR0cHM6XC9cL2FjYWRlbWlhamQuY29tXC93cC1jb250ZW50XC91cGxvYWRzXC8yMDI0XC8wNVwvQzZCNDFBQTUtQjM3OS00MjI1LThEMzMtODU2QTM1MDRBMDQ3LTEuanBnIiwic2xpZGVzaG93IjoiYzAxMGEzYyJ9\">\n\t\t\t\t\t<div class=\"e-gallery-image elementor-gallery-item__image\" data-thumbnail=\"https:\/\/academiajd.com\/wp-content\/uploads\/2024\/05\/C6B41AA5-B379-4225-8D33-856A3504A047-1-300x225.jpg\" data-width=\"300\" data-height=\"225\" aria-label=\"\" role=\"img\" ><\/div>\n\t\t\t\t\t\t\t\t\t\t\t<div class=\"elementor-gallery-item__overlay\"><\/div>\n\t\t\t\t\t\t\t\t\t\t\t\t\t\t<\/a>\n\t\t\t\t\t\t\t<a class=\"e-gallery-item elementor-gallery-item elementor-animated-content\" href=\"https:\/\/academiajd.com\/wp-content\/uploads\/2024\/05\/F92769DB-499E-463C-AEC2-2E850E436281.jpg\" data-elementor-open-lightbox=\"yes\" data-elementor-lightbox-slideshow=\"c010a3c\" data-elementor-lightbox-title=\"F92769DB-499E-463C-AEC2-2E850E436281\" data-e-action-hash=\"#elementor-action%3Aaction%3Dlightbox%26settings%3DeyJpZCI6ODAyMiwidXJsIjoiaHR0cHM6XC9cL2FjYWRlbWlhamQuY29tXC93cC1jb250ZW50XC91cGxvYWRzXC8yMDI0XC8wNVwvRjkyNzY5REItNDk5RS00NjNDLUFFQzItMkU4NTBFNDM2MjgxLmpwZyIsInNsaWRlc2hvdyI6ImMwMTBhM2MifQ%3D%3D\">\n\t\t\t\t\t<div class=\"e-gallery-image elementor-gallery-item__image\" data-thumbnail=\"https:\/\/academiajd.com\/wp-content\/uploads\/2024\/05\/F92769DB-499E-463C-AEC2-2E850E436281-300x225.jpg\" data-width=\"300\" data-height=\"225\" aria-label=\"\" role=\"img\" ><\/div>\n\t\t\t\t\t\t\t\t\t\t\t<div class=\"elementor-gallery-item__overlay\"><\/div>\n\t\t\t\t\t\t\t\t\t\t\t\t\t\t<\/a>\n\t\t\t\t\t\t\t<a class=\"e-gallery-item elementor-gallery-item elementor-animated-content\" href=\"https:\/\/academiajd.com\/wp-content\/uploads\/2024\/05\/IMG_9049-scaled.jpg\" data-elementor-open-lightbox=\"yes\" data-elementor-lightbox-slideshow=\"c010a3c\" data-elementor-lightbox-title=\"IMG_9049\" data-e-action-hash=\"#elementor-action%3Aaction%3Dlightbox%26settings%3DeyJpZCI6ODAyMywidXJsIjoiaHR0cHM6XC9cL2FjYWRlbWlhamQuY29tXC93cC1jb250ZW50XC91cGxvYWRzXC8yMDI0XC8wNVwvSU1HXzkwNDktc2NhbGVkLmpwZyIsInNsaWRlc2hvdyI6ImMwMTBhM2MifQ%3D%3D\">\n\t\t\t\t\t<div class=\"e-gallery-image elementor-gallery-item__image\" data-thumbnail=\"https:\/\/academiajd.com\/wp-content\/uploads\/2024\/05\/IMG_9049-300x225.jpg\" data-width=\"300\" data-height=\"225\" aria-label=\"\" role=\"img\" ><\/div>\n\t\t\t\t\t\t\t\t\t\t\t<div class=\"elementor-gallery-item__overlay\"><\/div>\n\t\t\t\t\t\t\t\t\t\t\t\t\t\t<\/a>\n\t\t\t\t\t\t\t<a class=\"e-gallery-item elementor-gallery-item elementor-animated-content\" href=\"https:\/\/academiajd.com\/wp-content\/uploads\/2024\/05\/IMG_9108-scaled.jpg\" data-elementor-open-lightbox=\"yes\" data-elementor-lightbox-slideshow=\"c010a3c\" data-elementor-lightbox-title=\"IMG_9108\" data-e-action-hash=\"#elementor-action%3Aaction%3Dlightbox%26settings%3DeyJpZCI6ODAyNCwidXJsIjoiaHR0cHM6XC9cL2FjYWRlbWlhamQuY29tXC93cC1jb250ZW50XC91cGxvYWRzXC8yMDI0XC8wNVwvSU1HXzkxMDgtc2NhbGVkLmpwZyIsInNsaWRlc2hvdyI6ImMwMTBhM2MifQ%3D%3D\">\n\t\t\t\t\t<div class=\"e-gallery-image elementor-gallery-item__image\" data-thumbnail=\"https:\/\/academiajd.com\/wp-content\/uploads\/2024\/05\/IMG_9108-225x300.jpg\" data-width=\"225\" data-height=\"300\" aria-label=\"\" role=\"img\" ><\/div>\n\t\t\t\t\t\t\t\t\t\t\t<div class=\"elementor-gallery-item__overlay\"><\/div>\n\t\t\t\t\t\t\t\t\t\t\t\t\t\t<\/a>\n\t\t\t\t\t\t\t<a class=\"e-gallery-item elementor-gallery-item elementor-animated-content\" href=\"https:\/\/academiajd.com\/wp-content\/uploads\/2024\/05\/IMG_9114-scaled.jpg\" data-elementor-open-lightbox=\"yes\" data-elementor-lightbox-slideshow=\"c010a3c\" data-elementor-lightbox-title=\"IMG_9114\" data-e-action-hash=\"#elementor-action%3Aaction%3Dlightbox%26settings%3DeyJpZCI6ODAyNSwidXJsIjoiaHR0cHM6XC9cL2FjYWRlbWlhamQuY29tXC93cC1jb250ZW50XC91cGxvYWRzXC8yMDI0XC8wNVwvSU1HXzkxMTQtc2NhbGVkLmpwZyIsInNsaWRlc2hvdyI6ImMwMTBhM2MifQ%3D%3D\">\n\t\t\t\t\t<div class=\"e-gallery-image elementor-gallery-item__image\" data-thumbnail=\"https:\/\/academiajd.com\/wp-content\/uploads\/2024\/05\/IMG_9114-300x225.jpg\" data-width=\"300\" data-height=\"225\" aria-label=\"\" role=\"img\" ><\/div>\n\t\t\t\t\t\t\t\t\t\t\t<div class=\"elementor-gallery-item__overlay\"><\/div>\n\t\t\t\t\t\t\t\t\t\t\t\t\t\t<\/a>\n\t\t\t\t\t\t\t<a class=\"e-gallery-item elementor-gallery-item elementor-animated-content\" href=\"https:\/\/academiajd.com\/wp-content\/uploads\/2024\/05\/IMG_9131-scaled.jpg\" data-elementor-open-lightbox=\"yes\" data-elementor-lightbox-slideshow=\"c010a3c\" data-elementor-lightbox-title=\"IMG_9131\" data-e-action-hash=\"#elementor-action%3Aaction%3Dlightbox%26settings%3DeyJpZCI6ODAyNiwidXJsIjoiaHR0cHM6XC9cL2FjYWRlbWlhamQuY29tXC93cC1jb250ZW50XC91cGxvYWRzXC8yMDI0XC8wNVwvSU1HXzkxMzEtc2NhbGVkLmpwZyIsInNsaWRlc2hvdyI6ImMwMTBhM2MifQ%3D%3D\">\n\t\t\t\t\t<div class=\"e-gallery-image elementor-gallery-item__image\" data-thumbnail=\"https:\/\/academiajd.com\/wp-content\/uploads\/2024\/05\/IMG_9131-300x225.jpg\" data-width=\"300\" data-height=\"225\" aria-label=\"\" role=\"img\" ><\/div>\n\t\t\t\t\t\t\t\t\t\t\t<div class=\"elementor-gallery-item__overlay\"><\/div>\n\t\t\t\t\t\t\t\t\t\t\t\t\t\t<\/a>\n\t\t\t\t\t\t\t<a class=\"e-gallery-item elementor-gallery-item elementor-animated-content\" href=\"https:\/\/academiajd.com\/wp-content\/uploads\/2024\/05\/IMG_9178-scaled.jpg\" data-elementor-open-lightbox=\"yes\" data-elementor-lightbox-slideshow=\"c010a3c\" data-elementor-lightbox-title=\"IMG_9178\" data-e-action-hash=\"#elementor-action%3Aaction%3Dlightbox%26settings%3DeyJpZCI6ODAyOSwidXJsIjoiaHR0cHM6XC9cL2FjYWRlbWlhamQuY29tXC93cC1jb250ZW50XC91cGxvYWRzXC8yMDI0XC8wNVwvSU1HXzkxNzgtc2NhbGVkLmpwZyIsInNsaWRlc2hvdyI6ImMwMTBhM2MifQ%3D%3D\">\n\t\t\t\t\t<div class=\"e-gallery-image elementor-gallery-item__image\" data-thumbnail=\"https:\/\/academiajd.com\/wp-content\/uploads\/2024\/05\/IMG_9178-300x225.jpg\" data-width=\"300\" data-height=\"225\" aria-label=\"\" role=\"img\" ><\/div>\n\t\t\t\t\t\t\t\t\t\t\t<div class=\"elementor-gallery-item__overlay\"><\/div>\n\t\t\t\t\t\t\t\t\t\t\t\t\t\t<\/a>\n\t\t\t\t\t\t\t<a class=\"e-gallery-item elementor-gallery-item elementor-animated-content\" href=\"https:\/\/academiajd.com\/wp-content\/uploads\/2024\/05\/IMG_9215-scaled.jpg\" data-elementor-open-lightbox=\"yes\" data-elementor-lightbox-slideshow=\"c010a3c\" data-elementor-lightbox-title=\"IMG_9215\" data-e-action-hash=\"#elementor-action%3Aaction%3Dlightbox%26settings%3DeyJpZCI6ODAzMCwidXJsIjoiaHR0cHM6XC9cL2FjYWRlbWlhamQuY29tXC93cC1jb250ZW50XC91cGxvYWRzXC8yMDI0XC8wNVwvSU1HXzkyMTUtc2NhbGVkLmpwZyIsInNsaWRlc2hvdyI6ImMwMTBhM2MifQ%3D%3D\">\n\t\t\t\t\t<div class=\"e-gallery-image elementor-gallery-item__image\" data-thumbnail=\"https:\/\/academiajd.com\/wp-content\/uploads\/2024\/05\/IMG_9215-225x300.jpg\" data-width=\"225\" data-height=\"300\" aria-label=\"\" role=\"img\" ><\/div>\n\t\t\t\t\t\t\t\t\t\t\t<div class=\"elementor-gallery-item__overlay\"><\/div>\n\t\t\t\t\t\t\t\t\t\t\t\t\t\t<\/a>\n\t\t\t\t\t\t\t<a class=\"e-gallery-item elementor-gallery-item elementor-animated-content\" href=\"https:\/\/academiajd.com\/wp-content\/uploads\/2024\/05\/IMG_92321-scaled.jpg\" data-elementor-open-lightbox=\"yes\" data-elementor-lightbox-slideshow=\"c010a3c\" data-elementor-lightbox-title=\"IMG_9232(1)\" data-e-action-hash=\"#elementor-action%3Aaction%3Dlightbox%26settings%3DeyJpZCI6ODAzMSwidXJsIjoiaHR0cHM6XC9cL2FjYWRlbWlhamQuY29tXC93cC1jb250ZW50XC91cGxvYWRzXC8yMDI0XC8wNVwvSU1HXzkyMzIxLXNjYWxlZC5qcGciLCJzbGlkZXNob3ciOiJjMDEwYTNjIn0%3D\">\n\t\t\t\t\t<div class=\"e-gallery-image elementor-gallery-item__image\" data-thumbnail=\"https:\/\/academiajd.com\/wp-content\/uploads\/2024\/05\/IMG_92321-225x300.jpg\" data-width=\"225\" data-height=\"300\" aria-label=\"\" role=\"img\" ><\/div>\n\t\t\t\t\t\t\t\t\t\t\t<div class=\"elementor-gallery-item__overlay\"><\/div>\n\t\t\t\t\t\t\t\t\t\t\t\t\t\t<\/a>\n\t\t\t\t\t\t\t<a class=\"e-gallery-item elementor-gallery-item elementor-animated-content\" href=\"https:\/\/academiajd.com\/wp-content\/uploads\/2024\/05\/IMG_9235-scaled.jpg\" data-elementor-open-lightbox=\"yes\" data-elementor-lightbox-slideshow=\"c010a3c\" data-elementor-lightbox-title=\"IMG_9235\" data-e-action-hash=\"#elementor-action%3Aaction%3Dlightbox%26settings%3DeyJpZCI6ODAzMiwidXJsIjoiaHR0cHM6XC9cL2FjYWRlbWlhamQuY29tXC93cC1jb250ZW50XC91cGxvYWRzXC8yMDI0XC8wNVwvSU1HXzkyMzUtc2NhbGVkLmpwZyIsInNsaWRlc2hvdyI6ImMwMTBhM2MifQ%3D%3D\">\n\t\t\t\t\t<div class=\"e-gallery-image elementor-gallery-item__image\" data-thumbnail=\"https:\/\/academiajd.com\/wp-content\/uploads\/2024\/05\/IMG_9235-225x300.jpg\" data-width=\"225\" data-height=\"300\" aria-label=\"\" role=\"img\" ><\/div>\n\t\t\t\t\t\t\t\t\t\t\t<div class=\"elementor-gallery-item__overlay\"><\/div>\n\t\t\t\t\t\t\t\t\t\t\t\t\t\t<\/a>\n\t\t\t\t\t\t\t<a class=\"e-gallery-item elementor-gallery-item elementor-animated-content\" href=\"https:\/\/academiajd.com\/wp-content\/uploads\/2024\/05\/IMG_9236-scaled.jpg\" data-elementor-open-lightbox=\"yes\" data-elementor-lightbox-slideshow=\"c010a3c\" data-elementor-lightbox-title=\"IMG_9236\" data-e-action-hash=\"#elementor-action%3Aaction%3Dlightbox%26settings%3DeyJpZCI6ODAzMywidXJsIjoiaHR0cHM6XC9cL2FjYWRlbWlhamQuY29tXC93cC1jb250ZW50XC91cGxvYWRzXC8yMDI0XC8wNVwvSU1HXzkyMzYtc2NhbGVkLmpwZyIsInNsaWRlc2hvdyI6ImMwMTBhM2MifQ%3D%3D\">\n\t\t\t\t\t<div class=\"e-gallery-image elementor-gallery-item__image\" data-thumbnail=\"https:\/\/academiajd.com\/wp-content\/uploads\/2024\/05\/IMG_9236-225x300.jpg\" data-width=\"225\" data-height=\"300\" aria-label=\"\" role=\"img\" ><\/div>\n\t\t\t\t\t\t\t\t\t\t\t<div class=\"elementor-gallery-item__overlay\"><\/div>\n\t\t\t\t\t\t\t\t\t\t\t\t\t\t<\/a>\n\t\t\t\t\t\t\t<a class=\"e-gallery-item elementor-gallery-item elementor-animated-content\" href=\"https:\/\/academiajd.com\/wp-content\/uploads\/2024\/05\/IMG_9253-scaled.jpg\" data-elementor-open-lightbox=\"yes\" data-elementor-lightbox-slideshow=\"c010a3c\" data-elementor-lightbox-title=\"IMG_9253\" data-e-action-hash=\"#elementor-action%3Aaction%3Dlightbox%26settings%3DeyJpZCI6ODAzNCwidXJsIjoiaHR0cHM6XC9cL2FjYWRlbWlhamQuY29tXC93cC1jb250ZW50XC91cGxvYWRzXC8yMDI0XC8wNVwvSU1HXzkyNTMtc2NhbGVkLmpwZyIsInNsaWRlc2hvdyI6ImMwMTBhM2MifQ%3D%3D\">\n\t\t\t\t\t<div class=\"e-gallery-image elementor-gallery-item__image\" data-thumbnail=\"https:\/\/academiajd.com\/wp-content\/uploads\/2024\/05\/IMG_9253-225x300.jpg\" data-width=\"225\" data-height=\"300\" aria-label=\"\" role=\"img\" ><\/div>\n\t\t\t\t\t\t\t\t\t\t\t<div class=\"elementor-gallery-item__overlay\"><\/div>\n\t\t\t\t\t\t\t\t\t\t\t\t\t\t<\/a>\n\t\t\t\t\t\t\t<a class=\"e-gallery-item elementor-gallery-item elementor-animated-content\" href=\"https:\/\/academiajd.com\/wp-content\/uploads\/2024\/05\/IMG_9271-scaled.jpg\" data-elementor-open-lightbox=\"yes\" data-elementor-lightbox-slideshow=\"c010a3c\" data-elementor-lightbox-title=\"IMG_9271\" data-e-action-hash=\"#elementor-action%3Aaction%3Dlightbox%26settings%3DeyJpZCI6ODAzNSwidXJsIjoiaHR0cHM6XC9cL2FjYWRlbWlhamQuY29tXC93cC1jb250ZW50XC91cGxvYWRzXC8yMDI0XC8wNVwvSU1HXzkyNzEtc2NhbGVkLmpwZyIsInNsaWRlc2hvdyI6ImMwMTBhM2MifQ%3D%3D\">\n\t\t\t\t\t<div class=\"e-gallery-image elementor-gallery-item__image\" data-thumbnail=\"https:\/\/academiajd.com\/wp-content\/uploads\/2024\/05\/IMG_9271-225x300.jpg\" data-width=\"225\" data-height=\"300\" aria-label=\"\" role=\"img\" ><\/div>\n\t\t\t\t\t\t\t\t\t\t\t<div class=\"elementor-gallery-item__overlay\"><\/div>\n\t\t\t\t\t\t\t\t\t\t\t\t\t\t<\/a>\n\t\t\t\t\t<\/div>\n\t\t\t\t\t<\/div>\n\t\t\t\t<\/div>\n\t\t\t\t\t<\/div>\n\t\t<\/div>\n\t\t\t\t\t<\/div>\n\t\t<\/section>\n\t\t\t\t<\/div>","protected":false},"excerpt":{"rendered":"<p>Nuestras instalaciones Un entorno dise\u00f1ado para tu aprendizaje y crecimiento. Nuestras instalaciones est\u00e1n cuidadosamente dise\u00f1adas para ofrecerte un ambiente de aprendizaje c\u00f3modo y funcional. Contamos con aulas equipadas con herramientas [&hellip;]<\/p>","protected":false},"author":1,"featured_media":0,"parent":0,"menu_order":0,"comment_status":"closed","ping_status":"closed","template":"","meta":{"inline_featured_image":false,"footnotes":""},"class_list":["post-7739","page","type-page","status-publish","hentry"],"_links":{"self":[{"href":"https:\/\/academiajd.com\/en\/wp-json\/wp\/v2\/pages\/7739","targetHints":{"allow":["GET"]}}],"collection":[{"href":"https:\/\/academiajd.com\/en\/wp-json\/wp\/v2\/pages"}],"about":[{"href":"https:\/\/academiajd.com\/en\/wp-json\/wp\/v2\/types\/page"}],"author":[{"embeddable":true,"href":"https:\/\/academiajd.com\/en\/wp-json\/wp\/v2\/users\/1"}],"replies":[{"embeddable":true,"href":"https:\/\/academiajd.com\/en\/wp-json\/wp\/v2\/comments?post=7739"}],"version-history":[{"count":0,"href":"https:\/\/academiajd.com\/en\/wp-json\/wp\/v2\/pages\/7739\/revisions"}],"wp:attachment":[{"href":"https:\/\/academiajd.com\/en\/wp-json\/wp\/v2\/media?parent=7739"}],"curies":[{"name":"wp","href":"https:\/\/api.w.org\/{rel}","templated":true}]}}