{"id":9833,"date":"2024-09-12T17:40:45","date_gmt":"2024-09-12T17:40:45","guid":{"rendered":"https:\/\/academiajd.com\/?post_type=product&#038;p=9833"},"modified":"2024-09-14T09:05:40","modified_gmt":"2024-09-14T09:05:40","slug":"curso-presencial-mecanizado-jd-para-fachada","status":"publish","type":"product","link":"https:\/\/academiajd.com\/de\/produkt\/curso-presencial-mecanizado-jd-para-fachada\/","title":{"rendered":"Curso Presencial: Mecanizado JD para Fachada &#8211; 2 D\u00edas"},"content":{"rendered":"<p>El curso de <strong>Mecanizado JD para Fachada<\/strong> est\u00e1 dise\u00f1ado para proporcionar conocimientos pr\u00e1cticos y t\u00e9cnicos sobre la instalaci\u00f3n de este sistema en cualquier tipo de obra, ya sea en viviendas residenciales, locales comerciales o grandes edificaciones. Con el sistema de mecanizado JD, podr\u00e1s optimizar los tiempos de instalaci\u00f3n y garantizar acabados de alta calidad. Durante el curso, aprender\u00e1s a trabajar con precisi\u00f3n en cada detalle, desde la nivelaci\u00f3n de la superficie hasta los puntos m\u00e1s complejos como las esquinas y rinconeras, as\u00ed como la adaptaci\u00f3n del mecanizado alrededor de puertas y ventanas.<\/p>\n<p>Este curso est\u00e1 pensado para dotar a los participantes de las competencias necesarias para abordar proyectos completos de instalaci\u00f3n de mecanizado, con una s\u00f3lida base t\u00e9cnica y con los conocimientos esenciales sobre herramientas, materiales y procesos espec\u00edficos de instalaci\u00f3n. Al finalizar, estar\u00e1s capacitado para llevar a cabo instalaciones profesionales que aseguren durabilidad, funcionalidad y est\u00e9tica en las fachadas.<\/p>","protected":false},"excerpt":{"rendered":"<p>El curso de <strong>Mecanizado JD para Fachada<\/strong> est\u00e1 dise\u00f1ado para proporcionar conocimientos pr\u00e1cticos y t\u00e9cnicos sobre la instalaci\u00f3n de este sistema en cualquier tipo de obra, ya sea en viviendas residenciales, locales comerciales o grandes edificaciones. Con el sistema de mecanizado JD, podr\u00e1s optimizar los tiempos de instalaci\u00f3n y garantizar acabados de alta calidad. Durante el curso, aprender\u00e1s a trabajar con precisi\u00f3n en cada detalle, desde la nivelaci\u00f3n de la superficie hasta los puntos m\u00e1s complejos como las esquinas y rinconeras, as\u00ed como la adaptaci\u00f3n del mecanizado alrededor de puertas y ventanas.<\/p>\n<p>Este curso est\u00e1 pensado para dotar a los participantes de las competencias necesarias para abordar proyectos completos de instalaci\u00f3n de mecanizado, con una s\u00f3lida base t\u00e9cnica y con los conocimientos esenciales sobre herramientas, materiales y procesos espec\u00edficos de instalaci\u00f3n. Al finalizar, estar\u00e1s capacitado para llevar a cabo instalaciones profesionales que aseguren durabilidad, funcionalidad y est\u00e9tica en las fachadas.<\/p>\n<p><iframe title=\"YouTube video player\" data-src=\"https:\/\/www.youtube.com\/embed\/dSxp7Ud6li0?si=LvN9TritjOoBKwP9\" width=\"560\" height=\"315\" frameborder=\"0\" allowfullscreen=\"allowfullscreen\" src=\"data:image\/svg+xml;base64,PHN2ZyB3aWR0aD0iMSIgaGVpZ2h0PSIxIiB4bWxucz0iaHR0cDovL3d3dy53My5vcmcvMjAwMC9zdmciPjwvc3ZnPg==\" class=\"lazyload\" data-load-mode=\"1\"><\/iframe><\/p>","protected":false},"featured_media":9864,"comment_status":"closed","ping_status":"closed","template":"","meta":{"inline_featured_image":false,"wds_primary_product_brand":0,"wds_primary_product_cat":0},"product_brand":[],"product_cat":[16],"product_tag":[],"class_list":{"0":"post-9833","1":"product","2":"type-product","3":"status-publish","4":"has-post-thumbnail","6":"product_cat-uncategorized","8":"first","9":"instock","10":"taxable","11":"shipping-taxable","12":"purchasable","13":"product-type-simple"},"_links":{"self":[{"href":"https:\/\/academiajd.com\/de\/wp-json\/wp\/v2\/product\/9833","targetHints":{"allow":["GET"]}}],"collection":[{"href":"https:\/\/academiajd.com\/de\/wp-json\/wp\/v2\/product"}],"about":[{"href":"https:\/\/academiajd.com\/de\/wp-json\/wp\/v2\/types\/product"}],"replies":[{"embeddable":true,"href":"https:\/\/academiajd.com\/de\/wp-json\/wp\/v2\/comments?post=9833"}],"wp:featuredmedia":[{"embeddable":true,"href":"https:\/\/academiajd.com\/de\/wp-json\/wp\/v2\/media\/9864"}],"wp:attachment":[{"href":"https:\/\/academiajd.com\/de\/wp-json\/wp\/v2\/media?parent=9833"}],"wp:term":[{"taxonomy":"product_brand","embeddable":true,"href":"https:\/\/academiajd.com\/de\/wp-json\/wp\/v2\/product_brand?post=9833"},{"taxonomy":"product_cat","embeddable":true,"href":"https:\/\/academiajd.com\/de\/wp-json\/wp\/v2\/product_cat?post=9833"},{"taxonomy":"product_tag","embeddable":true,"href":"https:\/\/academiajd.com\/de\/wp-json\/wp\/v2\/product_tag?post=9833"}],"curies":[{"name":"wp","href":"https:\/\/api.w.org\/{rel}","templated":true}]}}