{"id":8821,"date":"2024-07-04T11:14:10","date_gmt":"2024-07-04T11:14:10","guid":{"rendered":"https:\/\/academiajd.com\/?post_type=product&#038;p=8821"},"modified":"2024-07-04T11:15:34","modified_gmt":"2024-07-04T11:15:34","slug":"curso-presencial-forrado-de-puertas-y-sistemas-ocultos-de-puertas-producto","status":"publish","type":"product","link":"https:\/\/academiajd.com\/de\/produkt\/curso-presencial-forrado-de-puertas-y-sistemas-ocultos-de-puertas-producto\/","title":{"rendered":"Curso Presencial: Forrado de Puertas y Sistemas Ocultos de Puertas"},"content":{"rendered":"<p>Este curso te ense\u00f1ar\u00e1 c\u00f3mo mejorar la est\u00e9tica y la funcionalidad de los espacios interiores mediante el forrado de puertas con placas decorativas. Aprender\u00e1s a integrar sistemas ocultos que optimicen el uso del espacio y mejoren la apariencia general de las puertas. Descubre c\u00f3mo utilizar placas decorativas de manera creativa para lograr resultados est\u00e9ticamente atractivos y funcionalmente eficientes.<\/p>","protected":false},"excerpt":{"rendered":"<p>Este curso te ense\u00f1ar\u00e1 c\u00f3mo mejorar la est\u00e9tica y la funcionalidad de los espacios interiores mediante el forrado de puertas con placas decorativas. Aprender\u00e1s a integrar sistemas ocultos que optimicen el uso del espacio y mejoren la apariencia general de las puertas. Descubre c\u00f3mo utilizar placas decorativas de manera creativa para lograr resultados est\u00e9ticamente atractivos y funcionalmente eficientes.<\/p>","protected":false},"featured_media":8597,"comment_status":"open","ping_status":"closed","template":"","meta":{"inline_featured_image":false,"wds_primary_product_brand":0,"wds_primary_product_cat":0},"product_brand":[],"product_cat":[16],"product_tag":[],"class_list":{"0":"post-8821","1":"product","2":"type-product","3":"status-publish","4":"has-post-thumbnail","6":"product_cat-uncategorized","8":"first","9":"instock","10":"virtual","11":"taxable","12":"purchasable","13":"product-type-simple"},"_links":{"self":[{"href":"https:\/\/academiajd.com\/de\/wp-json\/wp\/v2\/product\/8821","targetHints":{"allow":["GET"]}}],"collection":[{"href":"https:\/\/academiajd.com\/de\/wp-json\/wp\/v2\/product"}],"about":[{"href":"https:\/\/academiajd.com\/de\/wp-json\/wp\/v2\/types\/product"}],"replies":[{"embeddable":true,"href":"https:\/\/academiajd.com\/de\/wp-json\/wp\/v2\/comments?post=8821"}],"wp:featuredmedia":[{"embeddable":true,"href":"https:\/\/academiajd.com\/de\/wp-json\/wp\/v2\/media\/8597"}],"wp:attachment":[{"href":"https:\/\/academiajd.com\/de\/wp-json\/wp\/v2\/media?parent=8821"}],"wp:term":[{"taxonomy":"product_brand","embeddable":true,"href":"https:\/\/academiajd.com\/de\/wp-json\/wp\/v2\/product_brand?post=8821"},{"taxonomy":"product_cat","embeddable":true,"href":"https:\/\/academiajd.com\/de\/wp-json\/wp\/v2\/product_cat?post=8821"},{"taxonomy":"product_tag","embeddable":true,"href":"https:\/\/academiajd.com\/de\/wp-json\/wp\/v2\/product_tag?post=8821"}],"curies":[{"name":"wp","href":"https:\/\/api.w.org\/{rel}","templated":true}]}}