{"id":8766,"date":"2024-07-04T10:51:27","date_gmt":"2024-07-04T10:51:27","guid":{"rendered":"https:\/\/academiajd.com\/?post_type=product&#038;p=8766"},"modified":"2024-11-05T15:19:47","modified_gmt":"2024-11-05T15:19:47","slug":"curso-presencial-fabricacion-e-instalacion-de-armarios-empotrados-producto","status":"publish","type":"product","link":"https:\/\/academiajd.com\/de\/produkt\/curso-presencial-fabricacion-e-instalacion-de-armarios-empotrados-producto\/","title":{"rendered":"Curso Presencial: Fabricaci\u00f3n e Instalaci\u00f3n de Armarios Empotrados"},"content":{"rendered":"<p>En el curso de Fabricaci\u00f3n e Instalaci\u00f3n de Armarios Empotrados, descubrir\u00e1s todo lo necesario para dise\u00f1ar y construir armarios empotrados personalizados que aprovechen al m\u00e1ximo el espacio disponible en cualquier habitaci\u00f3n. Desde la planificaci\u00f3n inicial y la selecci\u00f3n de materiales hasta las t\u00e9cnicas de construcci\u00f3n y los m\u00e9todos de instalaci\u00f3n, te guiaremos paso a paso para que adquieras las habilidades pr\u00e1cticas y te\u00f3ricas que necesitas. Adem\u00e1s, aprender\u00e1s a incorporar elementos de dise\u00f1o que no solo mejorar\u00e1n la funcionalidad, sino tambi\u00e9n la est\u00e9tica de los espacios.<\/p>","protected":false},"excerpt":{"rendered":"<p>En el curso de Fabricaci\u00f3n e Instalaci\u00f3n de Armarios Empotrados, descubrir\u00e1s todo lo necesario para dise\u00f1ar y construir armarios empotrados personalizados que aprovechen al m\u00e1ximo el espacio disponible en cualquier habitaci\u00f3n. Desde la planificaci\u00f3n inicial y la selecci\u00f3n de materiales hasta las t\u00e9cnicas de construcci\u00f3n y los m\u00e9todos de instalaci\u00f3n, te guiaremos paso a paso para que adquieras las habilidades pr\u00e1cticas y te\u00f3ricas que necesitas. Adem\u00e1s, aprender\u00e1s a incorporar elementos de dise\u00f1o que no solo mejorar\u00e1n la funcionalidad, sino tambi\u00e9n la est\u00e9tica de los espacios.<\/p>","protected":false},"featured_media":8597,"comment_status":"open","ping_status":"closed","template":"","meta":{"inline_featured_image":false,"wds_primary_product_brand":0,"wds_primary_product_cat":0},"product_brand":[],"product_cat":[16],"product_tag":[],"class_list":{"0":"post-8766","1":"product","2":"type-product","3":"status-publish","4":"has-post-thumbnail","6":"product_cat-uncategorized","8":"first","9":"instock","10":"virtual","11":"taxable","12":"purchasable","13":"product-type-simple"},"_links":{"self":[{"href":"https:\/\/academiajd.com\/de\/wp-json\/wp\/v2\/product\/8766","targetHints":{"allow":["GET"]}}],"collection":[{"href":"https:\/\/academiajd.com\/de\/wp-json\/wp\/v2\/product"}],"about":[{"href":"https:\/\/academiajd.com\/de\/wp-json\/wp\/v2\/types\/product"}],"replies":[{"embeddable":true,"href":"https:\/\/academiajd.com\/de\/wp-json\/wp\/v2\/comments?post=8766"}],"wp:featuredmedia":[{"embeddable":true,"href":"https:\/\/academiajd.com\/de\/wp-json\/wp\/v2\/media\/8597"}],"wp:attachment":[{"href":"https:\/\/academiajd.com\/de\/wp-json\/wp\/v2\/media?parent=8766"}],"wp:term":[{"taxonomy":"product_brand","embeddable":true,"href":"https:\/\/academiajd.com\/de\/wp-json\/wp\/v2\/product_brand?post=8766"},{"taxonomy":"product_cat","embeddable":true,"href":"https:\/\/academiajd.com\/de\/wp-json\/wp\/v2\/product_cat?post=8766"},{"taxonomy":"product_tag","embeddable":true,"href":"https:\/\/academiajd.com\/de\/wp-json\/wp\/v2\/product_tag?post=8766"}],"curies":[{"name":"wp","href":"https:\/\/api.w.org\/{rel}","templated":true}]}}