{"id":8563,"date":"2024-07-01T14:20:17","date_gmt":"2024-07-01T14:20:17","guid":{"rendered":"https:\/\/academiajd.com\/?post_type=product&#038;p=8563"},"modified":"2024-07-03T16:16:18","modified_gmt":"2024-07-03T16:16:18","slug":"curso-online-creacion-de-tablas-de-corte-y-encimeras-de-cocina-con-maderas-maciza","status":"publish","type":"product","link":"https:\/\/academiajd.com\/de\/produkt\/curso-online-creacion-de-tablas-de-corte-y-encimeras-de-cocina-con-maderas-maciza\/","title":{"rendered":"Curso Online: Creaci\u00f3n de Tablas de Corte y Encimeras de Cocina con Maderas Maciza"},"content":{"rendered":"<p>En el Curso de Creaci\u00f3n de Tablas de Corte y Encimeras de Cocina con Madera Maciza, aprender\u00e1s el proceso completo y al detalle para realizar las mejores tablas de corte (veta y testa) y encimeras de cocina. Este curso est\u00e1 dirigido tanto a principiantes como a carpinteros experimentados que deseen especializarse en la creaci\u00f3n de piezas de alta calidad. Exploraremos las diferentes maderas y materiales aptos para el contacto con alimentos, y cubriremos t\u00e9cnicas de corte, ensamblaje y acabado. Con la gu\u00eda de nuestros instructores expertos, desarrollar\u00e1s las habilidades necesarias para dise\u00f1ar y fabricar piezas funcionales y elegantes que embellecer\u00e1n cualquier cocina.<\/p>","protected":false},"excerpt":{"rendered":"<p>En el Curso de Creaci\u00f3n de Tablas de Corte y Encimeras de Cocina con Madera Maciza, aprender\u00e1s el proceso completo y al detalle para realizar las mejores tablas de corte [&hellip;]<\/p>","protected":false},"featured_media":8564,"comment_status":"closed","ping_status":"closed","template":"","meta":{"inline_featured_image":false,"wds_primary_product_brand":0,"wds_primary_product_cat":0},"product_brand":[],"product_cat":[16],"product_tag":[],"class_list":{"0":"post-8563","1":"product","2":"type-product","3":"status-publish","4":"has-post-thumbnail","6":"product_cat-uncategorized","8":"first","9":"instock","10":"virtual","11":"taxable","12":"purchasable","13":"product-type-simple"},"_links":{"self":[{"href":"https:\/\/academiajd.com\/de\/wp-json\/wp\/v2\/product\/8563","targetHints":{"allow":["GET"]}}],"collection":[{"href":"https:\/\/academiajd.com\/de\/wp-json\/wp\/v2\/product"}],"about":[{"href":"https:\/\/academiajd.com\/de\/wp-json\/wp\/v2\/types\/product"}],"replies":[{"embeddable":true,"href":"https:\/\/academiajd.com\/de\/wp-json\/wp\/v2\/comments?post=8563"}],"wp:featuredmedia":[{"embeddable":true,"href":"https:\/\/academiajd.com\/de\/wp-json\/wp\/v2\/media\/8564"}],"wp:attachment":[{"href":"https:\/\/academiajd.com\/de\/wp-json\/wp\/v2\/media?parent=8563"}],"wp:term":[{"taxonomy":"product_brand","embeddable":true,"href":"https:\/\/academiajd.com\/de\/wp-json\/wp\/v2\/product_brand?post=8563"},{"taxonomy":"product_cat","embeddable":true,"href":"https:\/\/academiajd.com\/de\/wp-json\/wp\/v2\/product_cat?post=8563"},{"taxonomy":"product_tag","embeddable":true,"href":"https:\/\/academiajd.com\/de\/wp-json\/wp\/v2\/product_tag?post=8563"}],"curies":[{"name":"wp","href":"https:\/\/api.w.org\/{rel}","templated":true}]}}