{"id":8544,"date":"2024-07-01T13:06:11","date_gmt":"2024-07-01T13:06:11","guid":{"rendered":"https:\/\/academiajd.com\/?post_type=product&#038;p=8544"},"modified":"2024-07-21T17:11:29","modified_gmt":"2024-07-21T17:11:29","slug":"curso-online-laminado-de-madera-ii","status":"publish","type":"product","link":"https:\/\/academiajd.com\/de\/produkt\/curso-online-laminado-de-madera-ii\/","title":{"rendered":"Curso Presencial: Laminado de madera II"},"content":{"rendered":"<p>En este curso de Laminado de Madera, aprender\u00e1s los fundamentos esenciales del laminado de madera, una t\u00e9cnica clave en carpinter\u00eda y dise\u00f1o de interiores. Comenzaremos explorando los diferentes tipos de maderas que se pueden laminar, incluyendo maderas nobles y ex\u00f3ticas. Conocer\u00e1s las herramientas b\u00e1sicas necesarias para llevar a cabo este trabajo con precisi\u00f3n y eficacia.<\/p>\n<p>Te ense\u00f1aremos c\u00f3mo cortar las l\u00e1minas tanto peque\u00f1as como grandes para lograr una uni\u00f3n perfecta. Aprender\u00e1s diversas t\u00e9cnicas de pegado que aseguran un acabado duradero y profesional. Adem\u00e1s, tendr\u00e1s la oportunidad de practicar combinaciones de diferentes maderas y la creaci\u00f3n de patrones \u00fanicos, desarrollando tu creatividad y habilidades t\u00e9cnicas.<\/p>\n<p>Este curso es ideal para quienes se inician en el mundo de la carpinter\u00eda y desean adquirir conocimientos pr\u00e1cticos sobre el laminado de madera, con el apoyo de instructores experimentados y en un entorno de aprendizaje din\u00e1mico y colaborativo.<\/p>","protected":false},"excerpt":{"rendered":"<p>En este curso de Laminado de Madera, aprender\u00e1s los fundamentos esenciales del laminado de madera, una t\u00e9cnica clave en carpinter\u00eda y dise\u00f1o de interiores. Comenzaremos explorando los diferentes tipos de [&hellip;]<\/p>","protected":false},"featured_media":8363,"comment_status":"closed","ping_status":"closed","template":"","meta":{"inline_featured_image":false,"wds_primary_product_brand":0,"wds_primary_product_cat":0},"product_brand":[],"product_cat":[16],"product_tag":[],"class_list":{"0":"post-8544","1":"product","2":"type-product","3":"status-publish","4":"has-post-thumbnail","6":"product_cat-uncategorized","8":"first","9":"instock","10":"virtual","11":"taxable","12":"purchasable","13":"product-type-simple"},"_links":{"self":[{"href":"https:\/\/academiajd.com\/de\/wp-json\/wp\/v2\/product\/8544","targetHints":{"allow":["GET"]}}],"collection":[{"href":"https:\/\/academiajd.com\/de\/wp-json\/wp\/v2\/product"}],"about":[{"href":"https:\/\/academiajd.com\/de\/wp-json\/wp\/v2\/types\/product"}],"replies":[{"embeddable":true,"href":"https:\/\/academiajd.com\/de\/wp-json\/wp\/v2\/comments?post=8544"}],"wp:featuredmedia":[{"embeddable":true,"href":"https:\/\/academiajd.com\/de\/wp-json\/wp\/v2\/media\/8363"}],"wp:attachment":[{"href":"https:\/\/academiajd.com\/de\/wp-json\/wp\/v2\/media?parent=8544"}],"wp:term":[{"taxonomy":"product_brand","embeddable":true,"href":"https:\/\/academiajd.com\/de\/wp-json\/wp\/v2\/product_brand?post=8544"},{"taxonomy":"product_cat","embeddable":true,"href":"https:\/\/academiajd.com\/de\/wp-json\/wp\/v2\/product_cat?post=8544"},{"taxonomy":"product_tag","embeddable":true,"href":"https:\/\/academiajd.com\/de\/wp-json\/wp\/v2\/product_tag?post=8544"}],"curies":[{"name":"wp","href":"https:\/\/api.w.org\/{rel}","templated":true}]}}